{"id":267,"date":"2020-11-16T10:11:51","date_gmt":"2020-11-16T10:11:51","guid":{"rendered":"https:\/\/rodnamaslinada.com\/?page_id=267"},"modified":"2023-04-13T16:39:51","modified_gmt":"2023-04-13T14:39:51","slug":"maslinaprava","status":"publish","type":"page","link":"https:\/\/rodnamaslinada.com\/it\/maslinaprava\/","title":{"rendered":"Maslinaprava"},"content":{"rendered":"<div data-elementor-type=\"wp-page\" data-elementor-id=\"267\" class=\"elementor elementor-267\">\n\t\t\t\t\t\t<section class=\"elementor-section elementor-top-section elementor-element elementor-element-bc52c21 elementor-section-full_width elementor-section-height-default elementor-section-height-default\" data-id=\"bc52c21\" data-element_type=\"section\" data-e-type=\"section\">\n\t\t\t\t\t\t<div class=\"elementor-container elementor-column-gap-default\">\n\t\t\t\t\t<div class=\"elementor-column elementor-col-100 elementor-top-column elementor-element elementor-element-a660ba6\" data-id=\"a660ba6\" data-element_type=\"column\" data-e-type=\"column\" data-settings=\"{&quot;background_background&quot;:&quot;classic&quot;}\">\n\t\t\t<div class=\"elementor-widget-wrap elementor-element-populated\">\n\t\t\t\t\t\t<div class=\"elementor-element elementor-element-69797a1 elementor-widget elementor-widget-video\" data-id=\"69797a1\" data-element_type=\"widget\" data-e-type=\"widget\" data-settings=\"{&quot;youtube_url&quot;:&quot;https:\\\/\\\/youtu.be\\\/MGfZEEBq6ZU&quot;,&quot;video_type&quot;:&quot;youtube&quot;,&quot;controls&quot;:&quot;yes&quot;}\" data-widget_type=\"video.default\">\n\t\t\t\t<div class=\"elementor-widget-container\">\n\t\t\t\t\t\t\t<div class=\"elementor-wrapper elementor-open-inline\">\n\t\t\t<div class=\"elementor-video\"><\/div>\t\t<\/div>\n\t\t\t\t\t\t<\/div>\n\t\t\t\t<\/div>\n\t\t\t\t\t<\/div>\n\t\t<\/div>\n\t\t\t\t\t<\/div>\n\t\t<\/section>\n\t\t\t\t<section class=\"elementor-section elementor-top-section elementor-element elementor-element-4fff82b3 elementor-section-boxed elementor-section-height-default elementor-section-height-default\" data-id=\"4fff82b3\" data-element_type=\"section\" data-e-type=\"section\" data-settings=\"{&quot;background_background&quot;:&quot;classic&quot;}\">\n\t\t\t\t\t\t<div class=\"elementor-container elementor-column-gap-default\">\n\t\t\t\t\t<div class=\"elementor-column elementor-col-100 elementor-top-column elementor-element elementor-element-c7b69e5\" data-id=\"c7b69e5\" data-element_type=\"column\" data-e-type=\"column\">\n\t\t\t<div class=\"elementor-widget-wrap elementor-element-populated\">\n\t\t\t\t\t\t<div class=\"elementor-element elementor-element-1a355f5c elementor-widget elementor-widget-text-editor\" data-id=\"1a355f5c\" data-element_type=\"widget\" data-e-type=\"widget\" data-widget_type=\"text-editor.default\">\n\t\t\t\t<div class=\"elementor-widget-container\">\n\t\t\t\t\t\t\t\t\t\n<h2 class=\"wp-block-heading\">Introduzione<\/h2>\n\n<p class=\"has-normal-font-size\">La raccolta e la lavorazione delle olive, cio\u00e8 la produzione di olio d'oliva e olive da tavola, sebbene sembrino semplici, per essere fatte nel modo giusto, in termini di raggiungimento di una qualit\u00e0 ottimale dei prodotti finali di alto valore economico, sono dei processi relativamente impegnativi non facili da eseguire nella pratica.<\/p>\n\n<p class=\"has-normal-font-size\">La maturazione delle olive \u00e8 un processo complesso che avviene gradualmente e in modo non uniforme. Inizia in un momento in cui il frutto non ha ancora raggiunto le dimensioni piene. Il primo segno esterno dell'inizio della maturazione \u00e8 quello di cambiare il colore del frutto. Il colore cambia lentamente, inizia da un cambiamento di colore da verde a verde chiaro, rosso chiaro, bordeaux, al viola, infine al nero. Ci sono variet\u00e0 in cui il verde chiaro \u00e8 caratteristico. Dal grado di maturit\u00e0 dipende sia la qualit\u00e0 che la quantit\u00e0 di olio.<\/p>\n\n<p class=\"has-normal-font-size\">Il contenuto di acidi grassi liberi \u00e8 un indicatore del deterioramento idrolitico dell'olio dovuto all'azione degli enzimi lipolitici con la presenza di acqua ed \u00e8 un indicatore indiretto della salute del frutto, che funge da materia prima per la produzione di olio. Maggiore \u00e8 il danno al frutto e pi\u00f9 lungo \u00e8 il tempo passato dal danno al frutto all'estrazione dell'olio, pi\u00f9 alti sono i valori di acidi grassi liberi. Questi non influiscono negativamente sulla salute umana, ma se la loro proporzione aumenta, c'\u00e8 un aumento della viscosit\u00e0 dell'olio ed \u00e8 possibile ridurre il processo di ossidazione perch\u00e9 gli acidi grassi liberi hanno un effetto di iperossidazione.<\/p>\n\n<p class=\"has-normal-font-size\">\"La perdita di qualit\u00e0 dell'olio durante lo stoccaggio delle olive \u00e8 causata dall'autolisi dei tessuti a causa dell'azione di enzimi endogeni da danni meccanici ai tessuti e a causa di muffe, lieviti e batteri.\" (Dr. Olivera Koprivnjak, Olio d'oliva dall'oliva alla tavola). Raccogliendo olive in cestini o sacchetti profondi e conservandole in esse fino alla lavorazione, il frutto si rovina in parte a causa di danni fisici, in parte a causa del surriscaldamento e in parte a causa del peso dello strato stesso di olive. La scienza ha confermato che i frutti raccolti sono meglio conservati in contenitori rigidi traspiranti e con uno strato profondo non pi\u00f9 di 12 cm, che \u00e8 precisamente l'altezza del cesto inox che ha Maslinaprava. Ci\u00f2 \u00e8 particolarmente importante quando si raccolgono olive da tavola che di solito vengono raccolte esclusivamente a mano.<\/p>\n\n<div class=\"wp-block-media-text alignwide is-stacked-on-mobile\">\n<figure class=\"wp-block-media-text__media\"><img fetchpriority=\"high\" decoding=\"async\" width=\"915\" height=\"727\" data-recalc-dims=\"1\" class=\"wp-image-306\" src=\"https:\/\/i0.wp.com\/rodnamaslinada.com\/wp-content\/uploads\/2020\/11\/kosevi.jpg?ssl=1\" alt=\"\" srcset=\"https:\/\/i0.wp.com\/rodnamaslinada.com\/wp-content\/uploads\/2020\/11\/kosevi.jpg?w=915&amp;ssl=1 915w, https:\/\/i0.wp.com\/rodnamaslinada.com\/wp-content\/uploads\/2020\/11\/kosevi.jpg?resize=300%2C238&amp;ssl=1 300w, https:\/\/i0.wp.com\/rodnamaslinada.com\/wp-content\/uploads\/2020\/11\/kosevi.jpg?resize=768%2C610&amp;ssl=1 768w\" sizes=\"(max-width: 915px) 100vw, 915px\" \/><\/figure>\n<div class=\"wp-block-media-text__content\">\n<p class=\"has-normal-font-size\">I cestini Inox sono progettati per impilarsi semplicemente l'uno sull'altro quando sono vuoti e trasversalmente l'uno all'altro quando sono pieni. Con le loro dimensioni, si adattano idealmente anche al bagagliaio delle autovetture. In questo modo, questi cestini consentono un trattamento facile, di alta qualit\u00e0, efficiente ed economico delle olive, in tutte le fasi della raccolta e del trasporto.<\/p>\n<\/div>\n<\/div>\n\n<p class=\"has-normal-font-size\">Una corretta raccolta manuale delle olive e la loro conservazione e il trasporto in maniera ottimale ottengono effetti diretti significativi sulla qualit\u00e0 del prodotto finale. In questo, Maslinaprava acquista tutto il suo valore per ogni olivicoltore che vuole creare il massimo valore dalle sue olive, garantendo al contempo una cura ottimale per l'albero, soprattutto per gli utenti finali e i clienti dei suoi prodotti : oli d'oliva di alta qualit\u00e0 e olive da tavola.<\/p>\n\n<h2 class=\"wp-block-heading\">Descrizione di Maslinaprava<\/h2>\n\n<p class=\"has-normal-font-size\">Maslinaprava \u00e8 un prodotto unico sul mercato rivolto a tutti coloro che sono interessati alla raccolta manuale delle olive e allo stoccaggio ottimale delle olive raccolte fino alla loro lavorazione, sia in modo diretto che indiretto.<\/p>\n\n<div class=\"wp-block-media-text alignwide is-stacked-on-mobile\">\n<figure class=\"wp-block-media-text__media\"><img decoding=\"async\" width=\"709\" height=\"518\" data-recalc-dims=\"1\" class=\"wp-image-301\" src=\"https:\/\/i0.wp.com\/rodnamaslinada.com\/wp-content\/uploads\/2020\/11\/maslinaprava.png?ssl=1\" alt=\"\" srcset=\"https:\/\/i0.wp.com\/rodnamaslinada.com\/wp-content\/uploads\/2020\/11\/maslinaprava.png?w=709&amp;ssl=1 709w, https:\/\/i0.wp.com\/rodnamaslinada.com\/wp-content\/uploads\/2020\/11\/maslinaprava.png?resize=300%2C219&amp;ssl=1 300w\" sizes=\"(max-width: 709px) 100vw, 709px\" \/><\/figure>\n<div class=\"wp-block-media-text__content\">\n<p class=\"has-normal-font-size\">Maslinaprava \u00e8 un dispositivo a forma di grande ombrello capovolto (delle dimensioni di un ombrellone) che viene utilizzato come imbuto per la raccolta delle olive con un'apertura al centro che consente di raccolgiere le olive in un cesto inox, per conservare e trasportare facilmente e con cura i frutti raccolti. Ha un manico, simile a quello di un ombrello, con cui Maslinaprava pu\u00f2 essere appeso ai rami d'ulivo da cui vengono raccolti i frutti.<\/p>\n<\/div>\n<\/div>\n\n<p class=\"has-normal-font-size\">Utilizzando l'innovativo Maslinaprava, i frutti d'oliva non vengono tenuti nel pugno, ma fatti cadere sul raccoglitore e rotolano nel cesto in cui vengono immagazzinati e trasportati al frantoio per la lavorazione. Stoccando i frutti in cesti traspiranti adatti, senza ulteriori passaggi fino alla lavorazione nel frantoio, le olive non vengono danneggiate e sono ben conservate e aereggiate. Ci\u00f2 significa anche un grande risparmio di tempo nella raccolta a causa della rimozione del passo di svuotare il grembiule o il contenitore in contenitori pi\u00f9 grandi.<\/p>\n\n<h2 class=\"wp-block-heading\">Vantaggi dell'utilizzo di Maslinaprava<\/h2>\n\n<p class=\"has-normal-font-size\">Maslinaprava aumenta la redditivit\u00e0, la sostenibilit\u00e0 e l'attrattivit\u00e0 dell'olivicoltura per le vecchie e le nuove generazioni di olivicoltori. Tuttavia, ci\u00f2 significa anche un adeguato livello di informazione, educazione e organizzazione degli olivicoltori e delle loro attivit\u00e0, in particolare nel segmento della raccolta, conservazione e trasporto delle olive in conformit\u00e0 con i moderni standard scientifici, professionali, ma anche gastronomici, ecologici e sanitari.<\/p>\n\n<p class=\"has-normal-font-size\">Gli olivicoltori che riconoscono i vantaggi dell'utilizzo di questi standard possono capitalizzare significativamente i loro sforzi rispetto a coloro che ignorano questi standard. Diamo un'occhiata ai pi\u00f9 importanti vantaggi dell'utilizzo di Maslinaprava nell'innalzare gli standard di etica, eccellenza, economia\/efficacia ed ecologia\/ambiente ossia le 4E.<\/p>\n\n<h4 class=\"wp-block-heading\">Etica<\/h4>\n\n<p class=\"has-normal-font-size\">L'uso di Maslinaprava non danneggia l'olivo, perch\u00e9 non c'\u00e8 n\u00e9 scuotimento n\u00e9 battitura sui rami. Al contrario, l'albero viene avvicinato con rispetto e gratitudine e i suoi frutti vengono raccolti senza alcuna azione invasiva.<\/p>\n\n<h4 class=\"wp-block-heading\">Eccellenza<\/h4>\n\n<p class=\"has-normal-font-size\">L'utilizzo di Maslinaprava riduce la possibilit\u00e0 di danni ai frutti, il che aumenta la qualit\u00e0 degli oli e delle olive da tavola, ottenendo cos\u00ec oli di alta qualit\u00e0 con eccezionali propriet\u00e0 organolettiche. \u00c8 possibile scegliere frutti di diversi livelli di maturazione, al contrario della raccolta attraverso scuotimento, aprendo cos\u00ec la possibilit\u00e0 di produrre oli di diversi sapori.<\/p>\n\n<h4 class=\"wp-block-heading\">Economia<\/h4>\n\n<p class=\"has-normal-font-size\">La raccolta manuale con l'aiuto di Maslinaprava aumenta la produttivit\u00e0 e l'economia della raccolta manuale del 200-300% rispetto alla raccolta manuale senza Maslinaprava. \u00c8 pi\u00f9 economico perch\u00e9 non si utilizzano materiali usa e getta come sacchetti, ceste e reti di plastica. Maslinaprava pu\u00f2 essere utilizzato per pi\u00f9 raccolti nel corso di molti anni. Viene trasferito facilmente e rapidamente da un ramo all'altro e pu\u00f2 essere utilizzato su tutti i tipi di terreno.<\/p>\n\n<h4 class=\"wp-block-heading\">Ecologia<\/h4>\n\n<p class=\"has-normal-font-size\">La scelta di Maslinaprava e dei suoi cestini inox per lo stoccaggio e il trasporto in maniera ecologica, riduce l'inquinamento ambientale dovuto all'eliminazione della necessit\u00e0 di utilizzare materiali monouso in poliestere  o plastica.<\/p>\n\n<p class=\"has-normal-font-size\">Da tutto questo, il vantaggio economico, ambientale e gastronomico dell'utilizzo di Maslinaprava durante la raccolta manuale \u00e8 chiaro rispetto alla raccolta manuale senza di esso.<\/p>\n\t\t\t\t\t\t\t\t<\/div>\n\t\t\t\t<\/div>\n\t\t\t\t\t<\/div>\n\t\t<\/div>\n\t\t\t\t\t<\/div>\n\t\t<\/section>\n\t\t\t\t<section class=\"elementor-section elementor-top-section elementor-element elementor-element-600d4e01 elementor-section-boxed elementor-section-height-default elementor-section-height-default\" data-id=\"600d4e01\" data-element_type=\"section\" data-e-type=\"section\">\n\t\t\t\t\t\t<div class=\"elementor-container elementor-column-gap-default\">\n\t\t\t\t\t<div class=\"elementor-column elementor-col-100 elementor-top-column elementor-element elementor-element-1e71909c\" data-id=\"1e71909c\" data-element_type=\"column\" data-e-type=\"column\" data-settings=\"{&quot;background_background&quot;:&quot;classic&quot;}\">\n\t\t\t<div class=\"elementor-widget-wrap elementor-element-populated\">\n\t\t\t\t\t\t<div class=\"elementor-element elementor-element-1b5bcc65 elementor-position-right elementor-vertical-align-top elementor-widget elementor-widget-image-box\" data-id=\"1b5bcc65\" data-element_type=\"widget\" data-e-type=\"widget\" data-widget_type=\"image-box.default\">\n\t\t\t\t<div class=\"elementor-widget-container\">\n\t\t\t\t\t<div class=\"elementor-image-box-wrapper\"><figure class=\"elementor-image-box-img\"><a href=\"https:\/\/us1.list-manage.com\/contact-form?u=bf17f019fbc606c319d420277&amp;form_id=00c8c31cce6fe3de63eceacf23531cec\" tabindex=\"-1\"><img decoding=\"async\" width=\"640\" height=\"231\" src=\"https:\/\/i0.wp.com\/rodnamaslinada.com\/wp-content\/uploads\/2021\/05\/email-marketing-2362038_640.png?fit=640231&amp;ssl=1\" class=\"elementor-animation-pulse attachment-full size-full wp-image-838\" alt=\"\" loading=\"eager\" srcset=\"\" sizes=\"(max-width: 640px) 100vw, 640px\" data-srcset=\"\" \/><\/a><\/figure><div class=\"elementor-image-box-content\"><h3 class=\"elementor-image-box-title\"><a href=\"https:\/\/us1.list-manage.com\/contact-form?u=bf17f019fbc606c319d420277&amp;form_id=00c8c31cce6fe3de63eceacf23531cec\">Iscriviti alla nostra Newsletter<\/a><\/h3><p class=\"elementor-image-box-description\">Attualmente disponibile solo in lingua croata.<\/p><\/div><\/div>\t\t\t\t<\/div>\n\t\t\t\t<\/div>\n\t\t\t\t\t<\/div>\n\t\t<\/div>\n\t\t\t\t\t<\/div>\n\t\t<\/section>\n\t\t\t\t<\/div>","protected":false},"excerpt":{"rendered":"<p>Uvod Berba i prerada maslina, odnosno proizvodnja maslinova ulja i stolnih maslina, iako izgledaju u naravi jednostavni, ukoliko se \u017eele napraviti na pravi na\u010din, u smislu postizanja optimalne kvalitete krajnjih proizvoda visoke ekonomske vrijednosti, relativno su zahtijevan proces koji u praksi nije jednostavno provesti. Dozrijevanje maslina slo\u017een je proces koji se odvija postupno i neujedna\u010deno. [&hellip;]<\/p>\n","protected":false},"author":1,"featured_media":0,"parent":0,"menu_order":0,"comment_status":"closed","ping_status":"closed","template":"","meta":{"nf_dc_page":"","om_disable_all_campaigns":false,"_monsterinsights_skip_tracking":false,"_monsterinsights_sitenote_active":false,"_monsterinsights_sitenote_note":"","_monsterinsights_sitenote_category":0,"_uf_show_specific_survey":0,"_uf_disable_surveys":false,"site-sidebar-layout":"default","site-content-layout":"default","ast-site-content-layout":"default","site-content-style":"default","site-sidebar-style":"default","ast-global-header-display":"","ast-banner-title-visibility":"","ast-main-header-display":"","ast-hfb-above-header-display":"","ast-hfb-below-header-display":"","ast-hfb-mobile-header-display":"","site-post-title":"","ast-breadcrumbs-content":"","ast-featured-img":"","footer-sml-layout":"","ast-disable-related-posts":"","theme-transparent-header-meta":"default","adv-header-id-meta":"","stick-header-meta":"","header-above-stick-meta":"","header-main-stick-meta":"","header-below-stick-meta":"","astra-migrate-meta-layouts":"default","ast-page-background-enabled":"default","ast-page-background-meta":{"desktop":{"background-color":"","background-image":"","background-repeat":"repeat","background-position":"center center","background-size":"auto","background-attachment":"scroll","background-type":"","background-media":"","overlay-type":"","overlay-color":"","overlay-opacity":"","overlay-gradient":""},"tablet":{"background-color":"","background-image":"","background-repeat":"repeat","background-position":"center center","background-size":"auto","background-attachment":"scroll","background-type":"","background-media":"","overlay-type":"","overlay-color":"","overlay-opacity":"","overlay-gradient":""},"mobile":{"background-color":"","background-image":"","background-repeat":"repeat","background-position":"center center","background-size":"auto","background-attachment":"scroll","background-type":"","background-media":"","overlay-type":"","overlay-color":"","overlay-opacity":"","overlay-gradient":""}},"ast-content-background-meta":{"desktop":{"background-color":"var(--ast-global-color-5)","background-image":"","background-repeat":"repeat","background-position":"center center","background-size":"auto","background-attachment":"scroll","background-type":"","background-media":"","overlay-type":"","overlay-color":"","overlay-opacity":"","overlay-gradient":""},"tablet":{"background-color":"var(--ast-global-color-5)","background-image":"","background-repeat":"repeat","background-position":"center center","background-size":"auto","background-attachment":"scroll","background-type":"","background-media":"","overlay-type":"","overlay-color":"","overlay-opacity":"","overlay-gradient":""},"mobile":{"background-color":"var(--ast-global-color-5)","background-image":"","background-repeat":"repeat","background-position":"center center","background-size":"auto","background-attachment":"scroll","background-type":"","background-media":"","overlay-type":"","overlay-color":"","overlay-opacity":"","overlay-gradient":""}},"footnotes":""},"class_list":["post-267","page","type-page","status-publish","hentry"],"aioseo_notices":[],"jetpack_sharing_enabled":true,"_links":{"self":[{"href":"https:\/\/rodnamaslinada.com\/it\/wp-json\/wp\/v2\/pages\/267","targetHints":{"allow":["GET"]}}],"collection":[{"href":"https:\/\/rodnamaslinada.com\/it\/wp-json\/wp\/v2\/pages"}],"about":[{"href":"https:\/\/rodnamaslinada.com\/it\/wp-json\/wp\/v2\/types\/page"}],"author":[{"embeddable":true,"href":"https:\/\/rodnamaslinada.com\/it\/wp-json\/wp\/v2\/users\/1"}],"replies":[{"embeddable":true,"href":"https:\/\/rodnamaslinada.com\/it\/wp-json\/wp\/v2\/comments?post=267"}],"version-history":[{"count":5,"href":"https:\/\/rodnamaslinada.com\/it\/wp-json\/wp\/v2\/pages\/267\/revisions"}],"predecessor-version":[{"id":1256,"href":"https:\/\/rodnamaslinada.com\/it\/wp-json\/wp\/v2\/pages\/267\/revisions\/1256"}],"wp:attachment":[{"href":"https:\/\/rodnamaslinada.com\/it\/wp-json\/wp\/v2\/media?parent=267"}],"curies":[{"name":"wp","href":"https:\/\/api.w.org\/{rel}","templated":true}]}}