{"id":265,"date":"2020-11-16T10:11:50","date_gmt":"2020-11-16T10:11:50","guid":{"rendered":"https:\/\/rodnamaslinada.com\/?page_id=265"},"modified":"2022-02-17T09:45:23","modified_gmt":"2022-02-17T08:45:23","slug":"nasa-prica","status":"publish","type":"page","link":"https:\/\/rodnamaslinada.com\/it\/nasa-prica\/","title":{"rendered":"Chi siamo"},"content":{"rendered":"<div data-elementor-type=\"wp-page\" data-elementor-id=\"265\" class=\"elementor elementor-265\">\n\t\t\t\t\t\t<section class=\"elementor-section elementor-top-section elementor-element elementor-element-0bed6b2 elementor-section-boxed elementor-section-height-default elementor-section-height-default\" data-id=\"0bed6b2\" data-element_type=\"section\" data-e-type=\"section\" data-settings=\"{&quot;background_background&quot;:&quot;classic&quot;}\">\n\t\t\t\t\t\t\t<div class=\"elementor-background-overlay\"><\/div>\n\t\t\t\t\t\t\t<div class=\"elementor-container elementor-column-gap-default\">\n\t\t\t\t\t<div class=\"elementor-column elementor-col-100 elementor-top-column elementor-element elementor-element-8b552d8\" data-id=\"8b552d8\" data-element_type=\"column\" data-e-type=\"column\">\n\t\t\t<div class=\"elementor-widget-wrap elementor-element-populated\">\n\t\t\t\t\t\t<div class=\"elementor-element elementor-element-2b00675 elementor-widget elementor-widget-heading\" data-id=\"2b00675\" data-element_type=\"widget\" data-e-type=\"widget\" data-widget_type=\"heading.default\">\n\t\t\t\t<div class=\"elementor-widget-container\">\n\t\t\t\t\t<h1 class=\"elementor-heading-title elementor-size-default\">Chi siamo<\/h1>\t\t\t\t<\/div>\n\t\t\t\t<\/div>\n\t\t\t\t\t<\/div>\n\t\t<\/div>\n\t\t\t\t\t<\/div>\n\t\t<\/section>\n\t\t\t\t<section class=\"elementor-section elementor-top-section elementor-element elementor-element-c3ee880 elementor-section-boxed elementor-section-height-default elementor-section-height-default\" data-id=\"c3ee880\" data-element_type=\"section\" data-e-type=\"section\" data-settings=\"{&quot;background_background&quot;:&quot;classic&quot;}\">\n\t\t\t\t\t\t<div class=\"elementor-container elementor-column-gap-default\">\n\t\t\t\t\t<div class=\"elementor-column elementor-col-100 elementor-top-column elementor-element elementor-element-61753d6\" data-id=\"61753d6\" data-element_type=\"column\" data-e-type=\"column\">\n\t\t\t<div class=\"elementor-widget-wrap elementor-element-populated\">\n\t\t\t\t\t\t<div class=\"elementor-element elementor-element-4e6824c elementor-widget elementor-widget-text-editor\" data-id=\"4e6824c\" data-element_type=\"widget\" data-e-type=\"widget\" data-widget_type=\"text-editor.default\">\n\t\t\t\t<div class=\"elementor-widget-container\">\n\t\t\t\t\t\t\t\t\t<p>Ratko Kovacevic, innovatore, ingegnere elettrico, imprenditore esperto in pensione, ma non a riposo, si \u00e8 dedicato con passione negli ultimi dodici anni alla cura e alla raccolta delle olive nell'uliveto di famiglia. Come vero amante della natura e degli ulivi, ogni volta che viene all'uliveto saluta ogni albero con uno sguardo ossequioso, ricambiato con gioia dagli ulivi. Felice e grato di poter raccogliere tra le proprie mani i suoi frutti, arricchiti da succhi di terra e cielo, che poi si trasformeranno in dorate goccioline di olio. Gocce d'oro per noi umani, per essere il nostro cibo, la nostra medicina e la nostra luce.<\/p>\t\t\t\t\t\t\t\t<\/div>\n\t\t\t\t<\/div>\n\t\t\t\t\t<\/div>\n\t\t<\/div>\n\t\t\t\t\t<\/div>\n\t\t<\/section>\n\t\t\t\t<section class=\"elementor-section elementor-top-section elementor-element elementor-element-a93e941 elementor-section-boxed elementor-section-height-default elementor-section-height-default\" data-id=\"a93e941\" data-element_type=\"section\" data-e-type=\"section\" data-settings=\"{&quot;background_background&quot;:&quot;classic&quot;}\">\n\t\t\t\t\t\t<div class=\"elementor-container elementor-column-gap-default\">\n\t\t\t\t\t<div class=\"elementor-column elementor-col-100 elementor-top-column elementor-element elementor-element-4ce5470\" data-id=\"4ce5470\" data-element_type=\"column\" data-e-type=\"column\">\n\t\t\t<div class=\"elementor-widget-wrap elementor-element-populated\">\n\t\t\t\t\t\t<div class=\"elementor-element elementor-element-723a2c8 elementor-widget elementor-widget-text-editor\" data-id=\"723a2c8\" data-element_type=\"widget\" data-e-type=\"widget\" data-widget_type=\"text-editor.default\">\n\t\t\t\t<div class=\"elementor-widget-container\">\n\t\t\t\t\t\t\t\t\t<p>Per anni, toccando con mano le olive e i ramoscelli su cui crescevano, si \u00e8 creato un rapporto tra l'albero e l'uomo. E cos\u00ec, durante una delle sue tante raccolte, l'olivicoltore sent\u00ec il richiamo interiore dell'ulivo, <strong>il messaggio dell'oliva al suo coltivatore: \"Ascoltaci e rifletti!\"<\/strong> Pensa a questo albero e al tuo atteggiamento verso di esso! Pensa a questo frutto! Pensa a questa fantastica pianta che ti d\u00e0 da mangiare, che \u00e8 la tua medicina, la tua pace e la tua luce! Pensa a questo frutto che \u00e8 stato creato per essere utilizzato appieno, senza sprechi!<br \/><br \/>Zero sprechi! Zero waste!<\/p>\t\t\t\t\t\t\t\t<\/div>\n\t\t\t\t<\/div>\n\t\t\t\t\t<\/div>\n\t\t<\/div>\n\t\t\t\t\t<\/div>\n\t\t<\/section>\n\t\t\t\t<section class=\"elementor-section elementor-top-section elementor-element elementor-element-49c0be6 elementor-section-boxed elementor-section-height-default elementor-section-height-default\" data-id=\"49c0be6\" data-element_type=\"section\" data-e-type=\"section\">\n\t\t\t\t\t\t<div class=\"elementor-container elementor-column-gap-default\">\n\t\t\t\t\t<div class=\"elementor-column elementor-col-100 elementor-top-column elementor-element elementor-element-7684270\" data-id=\"7684270\" data-element_type=\"column\" data-e-type=\"column\" data-settings=\"{&quot;background_background&quot;:&quot;classic&quot;}\">\n\t\t\t<div class=\"elementor-widget-wrap elementor-element-populated\">\n\t\t\t\t\t\t<div class=\"elementor-element elementor-element-62a15a3 elementor-widget elementor-widget-image\" data-id=\"62a15a3\" data-element_type=\"widget\" data-e-type=\"widget\" data-widget_type=\"image.default\">\n\t\t\t\t<div class=\"elementor-widget-container\">\n\t\t\t\t\t\t\t\t\t\t\t\t<figure class=\"wp-caption\">\n\t\t\t\t\t\t\t\t\t\t<img fetchpriority=\"high\" decoding=\"async\" width=\"640\" height=\"460\" src=\"https:\/\/rodnamaslinada.com\/wp-content\/uploads\/2022\/02\/Richiamo-dellulivo.jpg\" class=\"attachment-medium_large size-medium_large wp-image-1137\" alt=\"\" srcset=\"https:\/\/i0.wp.com\/rodnamaslinada.com\/wp-content\/uploads\/2022\/02\/Richiamo-dellulivo.jpg?w=640&ssl=1 640w, https:\/\/i0.wp.com\/rodnamaslinada.com\/wp-content\/uploads\/2022\/02\/Richiamo-dellulivo.jpg?resize=300%2C216&ssl=1 300w\" sizes=\"(max-width: 640px) 100vw, 640px\" loading=\"eager\" \/>\t\t\t\t\t\t\t\t\t\t\t<figcaption class=\"widget-image-caption wp-caption-text\"><\/figcaption>\n\t\t\t\t\t\t\t\t\t\t<\/figure>\n\t\t\t\t\t\t\t\t\t<\/div>\n\t\t\t\t<\/div>\n\t\t\t\t\t<\/div>\n\t\t<\/div>\n\t\t\t\t\t<\/div>\n\t\t<\/section>\n\t\t\t\t<section class=\"elementor-section elementor-top-section elementor-element elementor-element-429bbe6b elementor-section-boxed elementor-section-height-default elementor-section-height-default\" data-id=\"429bbe6b\" data-element_type=\"section\" data-e-type=\"section\" data-settings=\"{&quot;background_background&quot;:&quot;classic&quot;}\">\n\t\t\t\t\t\t\t<div class=\"elementor-background-overlay\"><\/div>\n\t\t\t\t\t\t\t<div class=\"elementor-container elementor-column-gap-default\">\n\t\t\t\t\t<div class=\"elementor-column elementor-col-100 elementor-top-column elementor-element elementor-element-72ecc61c\" data-id=\"72ecc61c\" data-element_type=\"column\" data-e-type=\"column\">\n\t\t\t<div class=\"elementor-widget-wrap elementor-element-populated\">\n\t\t\t\t\t\t<div class=\"elementor-element elementor-element-1700b18c elementor-widget elementor-widget-text-editor\" data-id=\"1700b18c\" data-element_type=\"widget\" data-e-type=\"widget\" data-widget_type=\"text-editor.default\">\n\t\t\t\t<div class=\"elementor-widget-container\">\n\t\t\t\t\t\t\t\t\t<p>Le olive in mezzo alle quali si trovava lo invitavano alla riflessione. Riflettere su quanto sia corretto il nostro modo di relazionarci all'olivo, al suo frutto, alla raccolta e all'uso. Ci sono molte cose che l'uomo potrebbe non fa al meglio, non rispettoso dell'albero e non riconoscendo tutto il potenziale del suo albero e dei suoi frutti.<br \/><br \/>Seguendo l'appello dello stesso ulivo, \u00e8 stato creato \"Rodna Maslinada\", una giovane impresa con una visione e una missione estremamente coraggiose. Le sue idee innovative hanno anche incuriosito gli esperti. Pertanto, \"Rodna Maslinada\" ha immediatamente ricevuto il sostegno dei fondi dell'UE per il suo programma.<br \/><br \/>La visione e la missione di \"Rodna Maslinada\" sono contenute nel nome dell'azienda stessa, che dal croato si pu\u00f2 tradurre come \"uliveto prolifico\", indicando che molto nascer\u00e0 da essa, il tutto legato all'olivo e al suo frutto. L'intenzione \u00e8 quella di dare una risposta ai problemi odierni degli olivicoltori nel modo pi\u00f9 semplice e innovativo. La risposta dimostra che prendersi cura delle olive, della natura e dell'ambiente non \u00e8 n\u00e9 un peso n\u00e9 un costo, ma un'opportunit\u00e0 e una benedizione: un'opportunit\u00e0 per un passo avanti di sviluppo personale, familiare, sociale ed economico. Perch\u00e9 l'ulivo, con tutti i suoi doni, pu\u00f2 offrirci molto di pi\u00f9. A condizione di \"sentirlo\", \"ascoltarlo\" e utilizzarlo con attenzione a beneficio di tutti noi.<\/p>\n<p><!-- \/wp:paragraph --><!-- wp:image {\"id\":316,\"sizeSlug\":\"large\"} --><\/p>\n<figure class=\"wp-block-image size-large\"><\/figure>\n<p><!-- \/wp:image --><\/p>\t\t\t\t\t\t\t\t<\/div>\n\t\t\t\t<\/div>\n\t\t\t\t\t<\/div>\n\t\t<\/div>\n\t\t\t\t\t<\/div>\n\t\t<\/section>\n\t\t\t\t<\/div>","protected":false},"excerpt":{"rendered":"<p>Na\u0161a pri\u010da Ratko Kova\u010devi\u0107, inovator, in\u017eenjer elektrotehnike, iskusni mali poduzetnik u mirovini, ali ne i u mirovanju, posljednjih dvanaest godina za vrijeme sezone branja maslina s rado\u0161\u0107u se dru\u017ei sa stablima maslina. Kao istinski zaljubljenik u prirodu i masline, uvijek kada dolazi u maslinik razdragano se pogledom pozdravlja sa svakim stablom, a ono mu radosno [&hellip;]<\/p>\n","protected":false},"author":1,"featured_media":0,"parent":0,"menu_order":0,"comment_status":"closed","ping_status":"closed","template":"","meta":{"nf_dc_page":"","om_disable_all_campaigns":false,"_monsterinsights_skip_tracking":false,"_monsterinsights_sitenote_active":false,"_monsterinsights_sitenote_note":"","_monsterinsights_sitenote_category":0,"_uf_show_specific_survey":0,"_uf_disable_surveys":false,"site-sidebar-layout":"default","site-content-layout":"default","ast-site-content-layout":"default","site-content-style":"default","site-sidebar-style":"default","ast-global-header-display":"","ast-banner-title-visibility":"","ast-main-header-display":"","ast-hfb-above-header-display":"","ast-hfb-below-header-display":"","ast-hfb-mobile-header-display":"","site-post-title":"","ast-breadcrumbs-content":"","ast-featured-img":"","footer-sml-layout":"","ast-disable-related-posts":"","theme-transparent-header-meta":"default","adv-header-id-meta":"","stick-header-meta":"","header-above-stick-meta":"","header-main-stick-meta":"","header-below-stick-meta":"","astra-migrate-meta-layouts":"default","ast-page-background-enabled":"default","ast-page-background-meta":{"desktop":{"background-color":"","background-image":"","background-repeat":"repeat","background-position":"center center","background-size":"auto","background-attachment":"scroll","background-type":"","background-media":"","overlay-type":"","overlay-color":"","overlay-opacity":"","overlay-gradient":""},"tablet":{"background-color":"","background-image":"","background-repeat":"repeat","background-position":"center center","background-size":"auto","background-attachment":"scroll","background-type":"","background-media":"","overlay-type":"","overlay-color":"","overlay-opacity":"","overlay-gradient":""},"mobile":{"background-color":"","background-image":"","background-repeat":"repeat","background-position":"center center","background-size":"auto","background-attachment":"scroll","background-type":"","background-media":"","overlay-type":"","overlay-color":"","overlay-opacity":"","overlay-gradient":""}},"ast-content-background-meta":{"desktop":{"background-color":"var(--ast-global-color-5)","background-image":"","background-repeat":"repeat","background-position":"center center","background-size":"auto","background-attachment":"scroll","background-type":"","background-media":"","overlay-type":"","overlay-color":"","overlay-opacity":"","overlay-gradient":""},"tablet":{"background-color":"var(--ast-global-color-5)","background-image":"","background-repeat":"repeat","background-position":"center center","background-size":"auto","background-attachment":"scroll","background-type":"","background-media":"","overlay-type":"","overlay-color":"","overlay-opacity":"","overlay-gradient":""},"mobile":{"background-color":"var(--ast-global-color-5)","background-image":"","background-repeat":"repeat","background-position":"center center","background-size":"auto","background-attachment":"scroll","background-type":"","background-media":"","overlay-type":"","overlay-color":"","overlay-opacity":"","overlay-gradient":""}},"footnotes":""},"class_list":["post-265","page","type-page","status-publish","hentry"],"aioseo_notices":[],"jetpack_sharing_enabled":true,"_links":{"self":[{"href":"https:\/\/rodnamaslinada.com\/it\/wp-json\/wp\/v2\/pages\/265","targetHints":{"allow":["GET"]}}],"collection":[{"href":"https:\/\/rodnamaslinada.com\/it\/wp-json\/wp\/v2\/pages"}],"about":[{"href":"https:\/\/rodnamaslinada.com\/it\/wp-json\/wp\/v2\/types\/page"}],"author":[{"embeddable":true,"href":"https:\/\/rodnamaslinada.com\/it\/wp-json\/wp\/v2\/users\/1"}],"replies":[{"embeddable":true,"href":"https:\/\/rodnamaslinada.com\/it\/wp-json\/wp\/v2\/comments?post=265"}],"version-history":[{"count":5,"href":"https:\/\/rodnamaslinada.com\/it\/wp-json\/wp\/v2\/pages\/265\/revisions"}],"predecessor-version":[{"id":1148,"href":"https:\/\/rodnamaslinada.com\/it\/wp-json\/wp\/v2\/pages\/265\/revisions\/1148"}],"wp:attachment":[{"href":"https:\/\/rodnamaslinada.com\/it\/wp-json\/wp\/v2\/media?parent=265"}],"curies":[{"name":"wp","href":"https:\/\/api.w.org\/{rel}","templated":true}]}}