{"id":937,"date":"2021-12-29T16:17:21","date_gmt":"2021-12-29T15:17:21","guid":{"rendered":"https:\/\/rodnamaslinada.com\/?page_id=937"},"modified":"2022-12-07T09:44:16","modified_gmt":"2022-12-07T08:44:16","slug":"eu-projekt","status":"publish","type":"page","link":"https:\/\/rodnamaslinada.com\/hr\/eu-projekt\/","title":{"rendered":"EU Projekt"},"content":{"rendered":"\t\t<div data-elementor-type=\"wp-page\" data-elementor-id=\"937\" class=\"elementor elementor-937\">\n\t\t\t\t\t\t<section class=\"elementor-section elementor-top-section elementor-element elementor-element-79a1f13 elementor-section-boxed elementor-section-height-default elementor-section-height-default\" data-id=\"79a1f13\" data-element_type=\"section\" data-e-type=\"section\">\n\t\t\t\t\t\t<div class=\"elementor-container elementor-column-gap-default\">\n\t\t\t\t\t<div class=\"elementor-column elementor-col-100 elementor-top-column elementor-element elementor-element-ecd46ef\" data-id=\"ecd46ef\" data-element_type=\"column\" data-e-type=\"column\" data-settings=\"{&quot;background_background&quot;:&quot;classic&quot;}\">\n\t\t\t<div class=\"elementor-widget-wrap elementor-element-populated\">\n\t\t\t\t\t\t<div class=\"elementor-element elementor-element-56e446c elementor-widget elementor-widget-image\" data-id=\"56e446c\" data-element_type=\"widget\" data-e-type=\"widget\" data-widget_type=\"image.default\">\n\t\t\t\t<div class=\"elementor-widget-container\">\n\t\t\t\t\t\t\t\t\t\t\t\t\t\t\t<img fetchpriority=\"high\" decoding=\"async\" width=\"1024\" height=\"219\" src=\"https:\/\/i0.wp.com\/rodnamaslinada.com\/wp-content\/uploads\/2021\/12\/Lenta_KiK_2014-2020.png?fit=1024%2C219&amp;ssl=1\" class=\"attachment-large size-large wp-image-939\" alt=\"\" srcset=\"https:\/\/i0.wp.com\/rodnamaslinada.com\/wp-content\/uploads\/2021\/12\/Lenta_KiK_2014-2020.png?w=1106&amp;ssl=1 1106w, https:\/\/i0.wp.com\/rodnamaslinada.com\/wp-content\/uploads\/2021\/12\/Lenta_KiK_2014-2020.png?resize=300%2C64&amp;ssl=1 300w, https:\/\/i0.wp.com\/rodnamaslinada.com\/wp-content\/uploads\/2021\/12\/Lenta_KiK_2014-2020.png?resize=1024%2C219&amp;ssl=1 1024w, https:\/\/i0.wp.com\/rodnamaslinada.com\/wp-content\/uploads\/2021\/12\/Lenta_KiK_2014-2020.png?resize=768%2C164&amp;ssl=1 768w\" sizes=\"(max-width: 1024px) 100vw, 1024px\" loading=\"eager\" \/>\t\t\t\t\t\t\t\t\t\t\t\t\t\t\t<\/div>\n\t\t\t\t<\/div>\n\t\t\t\t\t<\/div>\n\t\t<\/div>\n\t\t\t\t\t<\/div>\n\t\t<\/section>\n\t\t\t\t<section class=\"elementor-section elementor-top-section elementor-element elementor-element-a1c228c elementor-section-boxed elementor-section-height-default elementor-section-height-default\" data-id=\"a1c228c\" data-element_type=\"section\" data-e-type=\"section\">\n\t\t\t\t\t\t<div class=\"elementor-container elementor-column-gap-default\">\n\t\t\t\t\t<div class=\"elementor-column elementor-col-100 elementor-top-column elementor-element elementor-element-9e1e393\" data-id=\"9e1e393\" data-element_type=\"column\" data-e-type=\"column\" data-settings=\"{&quot;background_background&quot;:&quot;classic&quot;}\">\n\t\t\t<div class=\"elementor-widget-wrap elementor-element-populated\">\n\t\t\t\t\t\t<div class=\"elementor-element elementor-element-aa88552 elementor-widget elementor-widget-text-editor\" data-id=\"aa88552\" data-element_type=\"widget\" data-e-type=\"widget\" data-widget_type=\"text-editor.default\">\n\t\t\t\t<div class=\"elementor-widget-container\">\n\t\t\t\t\t\t\t\t\t<p dir=\"ltr\" style=\"line-height: 1.38; margin-top: 0pt; margin-bottom: 0pt;\"><span style=\"font-size: 13pt; font-family: Nunito,sans-serif; color: #000000; background-color: transparent; font-weight: bold; font-style: normal; font-variant: normal; text-decoration: none; vertical-align: baseline; white-space: pre-wrap;\">\u00a0<\/span><\/p><p dir=\"ltr\" style=\"line-height: 1.38; margin-top: 0pt; margin-bottom: 0pt;\"><span style=\"font-size: 13pt; font-family: Nunito,sans-serif; color: #000000; background-color: transparent; font-weight: bold; font-style: normal; font-variant: normal; text-decoration: none; vertical-align: baseline; white-space: pre-wrap;\">\u00a0<\/span><\/p><p dir=\"ltr\" style=\"line-height: 1.38; margin-top: 0pt; margin-bottom: 0pt;\"><span style=\"font-size: 13pt; font-family: Nunito,sans-serif; color: #000000; background-color: transparent; font-weight: bold; font-style: normal; font-variant: normal; text-decoration: none; vertical-align: baseline; white-space: pre-wrap;\">Naziv projekta:<\/span><span style=\"font-size: 13pt; font-family: Nunito,sans-serif; color: #000000; background-color: transparent; font-weight: 400; font-style: normal; font-variant: normal; text-decoration: none; vertical-align: baseline; white-space: pre-wrap;\"> Prilagodba i priprema za lansiranje na tr\u017ei\u0161te inovativne naprave za ru\u010dno branje maslina<\/span><\/p><p dir=\"ltr\" style=\"line-height: 1.38; margin-top: 0pt; margin-bottom: 0pt;\"><span style=\"font-size: 13pt; font-family: Nunito,sans-serif; color: #000000; background-color: transparent; font-weight: bold; font-style: normal; font-variant: normal; text-decoration: none; vertical-align: baseline; white-space: pre-wrap;\">Oznaka projekta:<\/span><span style=\"font-size: 13pt; font-family: Nunito,sans-serif; color: #000000; background-color: transparent; font-weight: 400; font-style: normal; font-variant: normal; text-decoration: none; vertical-align: baseline; white-space: pre-wrap;\"> KK.03.2.2.04.0124<\/span><\/p><p dir=\"ltr\" style=\"line-height: 1.38; margin-top: 0pt; margin-bottom: 0pt;\"><span style=\"font-size: 13pt; font-family: Nunito,sans-serif; color: #000000; background-color: transparent; font-weight: bold; font-style: normal; font-variant: normal; text-decoration: none; vertical-align: baseline; white-space: pre-wrap;\">Razdoblje provedbe projekta:<\/span><span style=\"font-size: 13pt; font-family: Nunito,sans-serif; color: #000000; background-color: transparent; font-weight: 400; font-style: normal; font-variant: normal; text-decoration: none; vertical-align: baseline; white-space: pre-wrap;\"> 1.8.2019. &#8211; 1.11.2022. <\/span><\/p><p dir=\"ltr\" style=\"line-height: 1.38; margin-top: 0pt; margin-bottom: 0pt;\"><span style=\"font-size: 13pt; font-family: Nunito,sans-serif; color: #000000; background-color: transparent; font-weight: bold; font-style: normal; font-variant: normal; text-decoration: none; vertical-align: baseline; white-space: pre-wrap;\">Vrijednost projekta:<\/span><span style=\"font-size: 13pt; font-family: Nunito,sans-serif; color: #000000; background-color: transparent; font-weight: 400; font-style: normal; font-variant: normal; text-decoration: none; vertical-align: baseline; white-space: pre-wrap;\"> 1.454.268,03 HRK<\/span><\/p><p dir=\"ltr\" style=\"line-height: 1.38; margin-top: 0pt; margin-bottom: 0pt;\"><span style=\"font-size: 13pt; font-family: Nunito,sans-serif; color: #000000; background-color: transparent; font-weight: bold; font-style: normal; font-variant: normal; text-decoration: none; vertical-align: baseline; white-space: pre-wrap;\">Iznos EU sufinanciranja:<\/span><span style=\"font-size: 13pt; font-family: Nunito,sans-serif; color: #000000; background-color: transparent; font-weight: 400; font-style: normal; font-variant: normal; text-decoration: none; vertical-align: baseline; white-space: pre-wrap;\"> 1.200.959,07 HRK<\/span><\/p><p dir=\"ltr\" style=\"line-height: 1.38; margin-top: 0pt; margin-bottom: 0pt;\"><span style=\"font-size: 13pt; font-family: Nunito,sans-serif; color: #000000; background-color: transparent; font-weight: bold; font-style: normal; font-variant: normal; text-decoration: none; vertical-align: baseline; white-space: pre-wrap;\">Za vi\u0161e informacija o projektu:<\/span><span style=\"font-size: 13pt; font-family: Nunito,sans-serif; color: #000000; background-color: transparent; font-weight: 400; font-style: normal; font-variant: normal; text-decoration: none; vertical-align: baseline; white-space: pre-wrap;\"> Ratko Kova\u010devi\u0107, <\/span><a style=\"text-decoration: none;\" href=\"mailto:info@rodnamaslinada.com\"><span style=\"font-size: 13pt; font-family: Nunito,sans-serif; color: #1155cc; background-color: transparent; font-weight: 400; font-style: normal; font-variant: normal; text-decoration: underline; -webkit-text-decoration-skip: none; text-decoration-skip-ink: none; vertical-align: baseline; white-space: pre-wrap;\">info@rodnamaslinada.com<\/span><\/a><\/p><p><b style=\"font-weight: normal;\">\u00a0<\/b><\/p><p dir=\"ltr\" style=\"line-height: 1.38; margin-top: 0pt; margin-bottom: 0pt;\"><span style=\"font-size: 13pt; font-family: Nunito,sans-serif; color: #000000; background-color: #ffffff; font-weight: bold; font-style: normal; font-variant: normal; text-decoration: none; vertical-align: baseline; white-space: pre-wrap;\">Kratki opis projekta:<\/span><span style=\"font-size: 13pt; font-family: Nunito,sans-serif; color: #000000; background-color: #ffffff; font-weight: 400; font-style: normal; font-variant: normal; text-decoration: none; vertical-align: baseline; white-space: pre-wrap;\">\u00a0<\/span><\/p><p dir=\"ltr\" style=\"line-height: 1.38; text-align: justify; margin-top: 0pt; margin-bottom: 0pt;\"><span style=\"font-size: 13pt; font-family: Nunito,sans-serif; color: #000000; background-color: transparent; font-weight: 400; font-style: normal; font-variant: normal; text-decoration: none; vertical-align: baseline; white-space: pre-wrap;\">Projektom se osmi\u0161ljava, realizira te plasira na tr\u017ei\u0161te inovativni proizvod Maslinaprava,\u00a0 za odr\u017eivo gospodarenje, berbu i transport do prerade plodova masline na na\u010din koji posti\u017ee optimalne u\u010dinke za sve sudionike lanca vrijednosti od uzgajiva\u010da, preko prera\u0111iva\u010da i proizvo\u0111a\u010da proizvoda od maslina, do krajnjeg korisnika, u\u017eivatelja plodova masline.\u00a0<\/span><\/p><p><b style=\"font-weight: normal;\">\u00a0<\/b><\/p><p dir=\"ltr\" style=\"line-height: 1.38; margin-top: 0pt; margin-bottom: 0pt;\"><span style=\"font-size: 13pt; font-family: Nunito,sans-serif; color: #000000; background-color: transparent; font-weight: bold; font-style: normal; font-variant: normal; text-decoration: none; vertical-align: baseline; white-space: pre-wrap;\">Ciljevi projekta:<\/span><\/p><p dir=\"ltr\" style=\"line-height: 1.38; text-align: justify; margin-top: 0pt; margin-bottom: 0pt;\"><span style=\"font-size: 13pt; font-family: Nunito,sans-serif; color: #000000; background-color: transparent; font-weight: 400; font-style: normal; font-variant: normal; text-decoration: none; vertical-align: baseline; white-space: pre-wrap;\">Plasirati na tr\u017ei\u0161te inovativnu napravu za eti\u010dko, ekolo\u0161ko i ekonomi\u010dno ru\u010dno branje i transport maslina koja \u0107e pomaknuti granice kvalitetnog iskori\u0161tavanja ploda masline te\u00a0 podr\u017eati regeneraciju maslinara, njihovih obitelji i lokalnih ekonomija.\u00a0<\/span><\/p><p><b style=\"font-weight: normal;\">\u00a0<\/b><\/p><p dir=\"ltr\" style=\"line-height: 1.38; margin-top: 0pt; margin-bottom: 0pt;\"><span style=\"font-size: 13pt; font-family: Nunito,sans-serif; color: #000000; background-color: transparent; font-weight: bold; font-style: normal; font-variant: normal; text-decoration: none; vertical-align: baseline; white-space: pre-wrap;\">O\u010dekivani rezultati projekta:<\/span><\/p><ul style=\"margin-top: 0; margin-bottom: 0; padding-inline-start: 48px;\"><li dir=\"ltr\" style=\"list-style-type: disc; font-size: 13pt; font-family: Nunito,sans-serif; color: #000000; background-color: transparent; font-weight: 400; font-style: normal; font-variant: normal; text-decoration: none; vertical-align: baseline; white-space: pre;\" aria-level=\"1\"><p dir=\"ltr\" style=\"line-height: 1.38; margin-top: 0pt; margin-bottom: 0pt;\" role=\"presentation\"><span style=\"font-size: 13pt; font-family: Nunito,sans-serif; color: #000000; background-color: transparent; font-weight: 400; font-style: normal; font-variant: normal; text-decoration: none; vertical-align: baseline; white-space: pre-wrap;\">Prilago\u0111ena i optimizirana naprava za ru\u010dno branje maslina<\/span><\/p><\/li><li dir=\"ltr\" style=\"list-style-type: disc; font-size: 13pt; font-family: Nunito,sans-serif; color: #000000; background-color: transparent; font-weight: 400; font-style: normal; font-variant: normal; text-decoration: none; vertical-align: baseline; white-space: pre;\" aria-level=\"1\"><p dir=\"ltr\" style=\"line-height: 1.38; margin-top: 0pt; margin-bottom: 0pt;\" role=\"presentation\"><span style=\"font-size: 13pt; font-family: Nunito,sans-serif; color: #000000; background-color: transparent; font-weight: 400; font-style: normal; font-variant: normal; text-decoration: none; vertical-align: baseline; white-space: pre-wrap;\">Naprava za ru\u010dno branje maslina lansirana na tr\u017ei\u0161te<\/span><\/p><\/li><li dir=\"ltr\" style=\"list-style-type: disc; font-size: 13pt; font-family: Nunito,sans-serif; color: #000000; background-color: transparent; font-weight: 400; font-style: normal; font-variant: normal; text-decoration: none; vertical-align: baseline; white-space: pre;\" aria-level=\"1\"><p dir=\"ltr\" style=\"line-height: 1.38; margin-top: 0pt; margin-bottom: 0pt;\" role=\"presentation\"><span style=\"font-size: 13pt; font-family: Nunito,sans-serif; color: #000000; background-color: transparent; font-weight: 400; font-style: normal; font-variant: normal; text-decoration: none; vertical-align: baseline; white-space: pre-wrap;\">Pove\u010dano zapo\u0161ljavanje, prihod i izvoz Korisnika<\/span><\/p><\/li><\/ul><p><span style=\"background-color: transparent; color: #000000; font-family: Nunito,sans-serif; font-size: 13pt; font-style: normal; font-weight: bold; white-space: pre-wrap;\">\u00a0<\/span><b>Za vi\u0161e informacija o EU fondovima:<\/b><\/p><p><a href=\"http:\/\/www.strukturnifondovi.hr\/\"><span style=\"font-size: 13pt; font-family: Nunito,sans-serif; color: #1155cc; background-color: transparent; font-weight: 400; font-style: normal; font-variant: normal; text-decoration: underline; -webkit-text-decoration-skip: none; text-decoration-skip-ink: none; vertical-align: baseline; white-space: pre-wrap;\">http:\/\/www.strukturnifondovi.hr\/<\/span><\/a><span style=\"font-weight: 400;\">\u00a0<\/span><\/p><p><a href=\"https:\/\/strukturnifondovi.hr\/eu-fondovi\/esi-fondovi-2014-2020\/op-konkurentnost-i-kohezija\/\"><span style=\"font-size: 13pt; font-family: Nunito,sans-serif; color: #1155cc; background-color: transparent; font-weight: 400; font-style: normal; font-variant: normal; text-decoration: underline; -webkit-text-decoration-skip: none; text-decoration-skip-ink: none; vertical-align: baseline; white-space: pre-wrap;\">https:\/\/strukturnifondovi.hr\/eu-fondovi\/esi-fondovi-2014-2020\/op-konkurentnost-i-kohezija\/<\/span><\/a><span style=\"font-weight: 400;\">\u00a0<\/span><\/p><p><span style=\"font-weight: normal;\">\u00a0<\/span><\/p><p dir=\"ltr\" style=\"line-height: 1.38; background-color: #ffffff; margin-top: 0pt; margin-bottom: 11pt;\"><span style=\"font-size: 13pt; font-family: Nunito,sans-serif; color: #000000; background-color: #ffffff; font-weight: 400; font-style: normal; font-variant: normal; text-decoration: none; vertical-align: baseline; white-space: pre-wrap;\">Sadr\u017eaj mre\u017ene stranice isklju\u010diva je odgovornost poduze\u0107a Rodna Maslinada j.d.o.o. <\/span><\/p>\t\t\t\t\t\t\t\t<\/div>\n\t\t\t\t<\/div>\n\t\t\t\t\t<\/div>\n\t\t<\/div>\n\t\t\t\t\t<\/div>\n\t\t<\/section>\n\t\t\t\t<\/div>\n\t\t","protected":false},"excerpt":{"rendered":"<p>\u00a0 \u00a0 Naziv projekta: Prilagodba i priprema za lansiranje na tr\u017ei\u0161te inovativne naprave za ru\u010dno branje maslina Oznaka projekta: KK.03.2.2.04.0124 Razdoblje provedbe projekta: 1.8.2019. &#8211; 1.11.2022. Vrijednost projekta: 1.454.268,03 HRK Iznos EU sufinanciranja: 1.200.959,07 HRK Za vi\u0161e informacija o projektu: Ratko Kova\u010devi\u0107, info@rodnamaslinada.com \u00a0 Kratki opis projekta:\u00a0 Projektom se osmi\u0161ljava, realizira te plasira na tr\u017ei\u0161te [&hellip;]<\/p>\n","protected":false},"author":1,"featured_media":0,"parent":0,"menu_order":0,"comment_status":"closed","ping_status":"closed","template":"","meta":{"nf_dc_page":"","om_disable_all_campaigns":false,"_monsterinsights_skip_tracking":false,"_monsterinsights_sitenote_active":false,"_monsterinsights_sitenote_note":"","_monsterinsights_sitenote_category":0,"_uf_show_specific_survey":0,"_uf_disable_surveys":false,"site-sidebar-layout":"no-sidebar","site-content-layout":"page-builder","ast-site-content-layout":"default","site-content-style":"default","site-sidebar-style":"default","ast-global-header-display":"","ast-banner-title-visibility":"","ast-main-header-display":"","ast-hfb-above-header-display":"","ast-hfb-below-header-display":"","ast-hfb-mobile-header-display":"","site-post-title":"disabled","ast-breadcrumbs-content":"","ast-featured-img":"disabled","footer-sml-layout":"","ast-disable-related-posts":"","theme-transparent-header-meta":"","adv-header-id-meta":"","stick-header-meta":"","header-above-stick-meta":"","header-main-stick-meta":"","header-below-stick-meta":"","astra-migrate-meta-layouts":"default","ast-page-background-enabled":"default","ast-page-background-meta":{"desktop":{"background-color":"","background-image":"","background-repeat":"repeat","background-position":"center center","background-size":"auto","background-attachment":"scroll","background-type":"","background-media":"","overlay-type":"","overlay-color":"","overlay-opacity":"","overlay-gradient":""},"tablet":{"background-color":"","background-image":"","background-repeat":"repeat","background-position":"center center","background-size":"auto","background-attachment":"scroll","background-type":"","background-media":"","overlay-type":"","overlay-color":"","overlay-opacity":"","overlay-gradient":""},"mobile":{"background-color":"","background-image":"","background-repeat":"repeat","background-position":"center center","background-size":"auto","background-attachment":"scroll","background-type":"","background-media":"","overlay-type":"","overlay-color":"","overlay-opacity":"","overlay-gradient":""}},"ast-content-background-meta":{"desktop":{"background-color":"var(--ast-global-color-5)","background-image":"","background-repeat":"repeat","background-position":"center center","background-size":"auto","background-attachment":"scroll","background-type":"","background-media":"","overlay-type":"","overlay-color":"","overlay-opacity":"","overlay-gradient":""},"tablet":{"background-color":"var(--ast-global-color-5)","background-image":"","background-repeat":"repeat","background-position":"center center","background-size":"auto","background-attachment":"scroll","background-type":"","background-media":"","overlay-type":"","overlay-color":"","overlay-opacity":"","overlay-gradient":""},"mobile":{"background-color":"var(--ast-global-color-5)","background-image":"","background-repeat":"repeat","background-position":"center center","background-size":"auto","background-attachment":"scroll","background-type":"","background-media":"","overlay-type":"","overlay-color":"","overlay-opacity":"","overlay-gradient":""}},"footnotes":""},"class_list":["post-937","page","type-page","status-publish","hentry"],"aioseo_notices":[],"jetpack_sharing_enabled":true,"_links":{"self":[{"href":"https:\/\/rodnamaslinada.com\/hr\/wp-json\/wp\/v2\/pages\/937","targetHints":{"allow":["GET"]}}],"collection":[{"href":"https:\/\/rodnamaslinada.com\/hr\/wp-json\/wp\/v2\/pages"}],"about":[{"href":"https:\/\/rodnamaslinada.com\/hr\/wp-json\/wp\/v2\/types\/page"}],"author":[{"embeddable":true,"href":"https:\/\/rodnamaslinada.com\/hr\/wp-json\/wp\/v2\/users\/1"}],"replies":[{"embeddable":true,"href":"https:\/\/rodnamaslinada.com\/hr\/wp-json\/wp\/v2\/comments?post=937"}],"version-history":[{"count":5,"href":"https:\/\/rodnamaslinada.com\/hr\/wp-json\/wp\/v2\/pages\/937\/revisions"}],"predecessor-version":[{"id":1179,"href":"https:\/\/rodnamaslinada.com\/hr\/wp-json\/wp\/v2\/pages\/937\/revisions\/1179"}],"wp:attachment":[{"href":"https:\/\/rodnamaslinada.com\/hr\/wp-json\/wp\/v2\/media?parent=937"}],"curies":[{"name":"wp","href":"https:\/\/api.w.org\/{rel}","templated":true}]}}