{"id":592,"date":"2021-04-02T18:22:51","date_gmt":"2021-04-02T16:22:51","guid":{"rendered":"https:\/\/rodnamaslinada.com\/?page_id=592"},"modified":"2021-05-16T17:43:37","modified_gmt":"2021-05-16T15:43:37","slug":"cookie-policy","status":"publish","type":"page","link":"https:\/\/rodnamaslinada.com\/hr\/cookie-policy\/","title":{"rendered":"Izjava o kola\u010di\u0107ima"},"content":{"rendered":"\t\t<div data-elementor-type=\"wp-page\" data-elementor-id=\"592\" class=\"elementor elementor-592\">\n\t\t\t\t\t\t<section class=\"elementor-section elementor-top-section elementor-element elementor-element-3de2ece7 elementor-section-boxed elementor-section-height-default elementor-section-height-default\" data-id=\"3de2ece7\" data-element_type=\"section\" data-e-type=\"section\">\n\t\t\t\t\t\t<div class=\"elementor-container elementor-column-gap-default\">\n\t\t\t\t\t<div class=\"elementor-column elementor-col-100 elementor-top-column elementor-element elementor-element-391abdb9\" data-id=\"391abdb9\" data-element_type=\"column\" data-e-type=\"column\" data-settings=\"{&quot;background_background&quot;:&quot;classic&quot;}\">\n\t\t\t<div class=\"elementor-widget-wrap elementor-element-populated\">\n\t\t\t\t\t\t<div class=\"elementor-element elementor-element-2300347 elementor-widget elementor-widget-text-editor\" data-id=\"2300347\" data-element_type=\"widget\" data-e-type=\"widget\" data-widget_type=\"text-editor.default\">\n\t\t\t\t<div class=\"elementor-widget-container\">\n\t\t\t\t\t\t\t\t\t<div class=\"cli_pg_page_contaner\">\n<h3>O kori\u0161tenju kola\u010di\u0107a<\/h3>\n<div>\n<p><span style=\"font-size: medium;\">Ova Izjava o kola\u010di\u0107ima obja\u0161njava \u0161to su kola\u010di\u0107i i kako ih koristimo, vrste kola\u010di\u0107a koje koristimo, tj. koje podatke prikupljamo pomo\u0107u kola\u010di\u0107a i kako se te informacije koriste, te kako kontrolirati postavke kola\u010di\u0107a. Dodatne informacije o tome kako koristimo, pohranjujemo i \u010duvamo va\u0161e osobne podatke potra\u017eite u na\u0161oj&nbsp;<\/span><a href=\"https:\/\/rodnamaslinada.com\/privacy-policy\/\" target=\"_blank\">Izjavi o privatnosti<\/a><span style=\"font-size: medium;\">.<\/span><\/p>\n<p><span style=\"font-size: medium;\">Mo\u017eete u bilo kojem trenutku promijeniti ili povu\u0107i svoj pristanak iz Izjave o kola\u010di\u0107ima na na\u0161oj web stranici<br>Saznajte vi\u0161e o tome tko smo, kako nas mo\u017eete kontaktirati i kako obra\u0111ujemo osobne podatke u na\u0161oj&nbsp;<\/span><a href=\"https:\/\/rodnamaslinada.com\/privacy-policy\/\" target=\"_blank\">Izjavi o privatnosti<\/a><span style=\"font-size: medium;\">.<br>Va\u0161 pristanak odnosi se na sljede\u0107e domene: rodnamaslinada.com <\/span><\/p>\n<div class=\"cli_user_consent_state\">Va\u0161e trenutno stanje: Nema pristanka. <a class=\"cli_manage_current_consent\" style=\"cursor:pointer;text-decoration:underline;\">Upravljajte svojim pristankom.<\/a> <\/div>\n<\/div>\n<h3>\u0160to su kola\u010di\u0107i?<\/h3>\n<div>K<span style=\"font-size: medium; font-weight: inherit;\">ola\u010di\u0107i su male tekstualne datoteke koje se koriste za pohranu malih koli\u010dina podataka. Pohranjuju se na va\u0161em ure\u0111aju kada se web stranica u\u010dita u va\u0161 preglednik. Ovi nam kola\u010di\u0107i poma\u017eu da web stranica pravilno funkcionira, da bude sigurnija, da pru\u017ei bolje korisni\u010dko iskustvo i omugu\u0107avaju nam da je pobolj\u0161amo.<\/span><\/div>\n<div><span style=\"font-size: medium; font-weight: inherit;\"><br><\/span><\/div>\n<h3>Kako koristimo kola\u010di\u0107e?<\/h3>\n<div>\n<p>K<span style=\"font-size: medium; font-weight: inherit;\">ao i ve\u0107ina internetskih usluga, na\u0161a web stranica koristi kola\u010di\u0107e prve i tre\u0107e strane u nekoliko svrha. Kola\u010di\u0107i prve strane uglavnom su potrebni da bi web stranica funkcionirala na ispravan na\u010din i oni ne prikupljaju nikakve va\u0161e osobne podatke.<\/span><span style=\"font-size: medium;\">Kola\u010di\u0107i tre\u0107e strane koji se koriste na na\u0161oj web stranici uglavnom slu\u017ee kako bi se razumjelo kako web stranica funkcionira, kako komunicirate s na\u0161om web stranicom, kako bi za\u0161titili na\u0161e usluge, pru\u017eili oglase koji su za vas relevantni, te vam u svemu pru\u017eaju bolje korisni\u010dko iskustvo i poma\u017eu vam ubrzati budu\u0107e interakcije s na\u0161om web stranicom.<\/span><\/p>\n<h6><span style=\"color: rgb(83, 99, 59); font-size: 1.66667rem;\">Koje vrste kola\u010di\u0107a koristimo?<\/span><\/h6>\n<\/div>\n<div>\n<p><span style=\"font-size: medium;\">Neophodno: Neki su kola\u010di\u0107i neophodni da biste mogli iskusiti punu funkcionalnost na\u0161e stranice. Omogu\u0107uju nam odr\u017eavanje korisni\u010dkih sesija i spre\u010davanje bilo kakvih sigurnosnih prijetnji. Ne prikupljaju i ne pohranjuju nikakve osobne podatke.<\/span><\/p>\n<p><span style=\"font-size: medium;\">Analitika: Ovi kola\u010di\u0107i pohranjuju podatke kao \u0161to su broj posjetitelja web stranice, broj jedinstvenih posjetitelja, koje su stranice na na\u0161oj web adresi posje\u0107enije, odakle su do\u0161li posjetitelji itd. Ti nam podaci poma\u017eu da shvatimo i analiziramo koliko dobro web stranica djeluje i gdje treba pobolj\u0161anje.<\/span><\/p>\n<p><span style=\"font-size: medium;\">Marketing: Na na\u0161oj web stranici prikazuju se oglasi. Ovi se kola\u010di\u0107i koriste za personalizaciju oglasa koje vam prikazujemo tako da oni budu zna\u010dajni za vas. Ovi kola\u010di\u0107i poma\u017eu nam i da pratimo u\u010dinkovitost tih oglasnih kampanja.<br>Informacije pohranjene u ovim kola\u010di\u0107ima tako\u0111er mogu koristiti nezavisni pru\u017eatelji oglasa za prikazivanje oglasa na drugim web stranicama u internet pregledniku.<\/span><\/p>\n<p><span style=\"font-size: medium;\">Funkcijski: To su kola\u010di\u0107i koji poma\u017eu odre\u0111enim ne kriti\u010dnim funkcijama na na\u0161oj web stranici. Te funkcionalnosti uklju\u010duju ugra\u0111ivanje sadr\u017eaja poput videozapisa ili dijeljenje sadr\u017eaja web stranice na platformama dru\u0161tvenih medija.<\/span><\/p>\n<p><span style=\"font-size: medium;\">Preferense: Ovi nam kola\u010di\u0107i poma\u017eu u pohrani va\u0161ih postavki kako biste imali bolje i u\u010dinkovitije iskustvo i u budu\u0107im posjetima na\u0161oj web stranici.<\/span><\/p>\n<table class=\"cookielawinfo-row-cat-table cookielawinfo-classic\"><thead><tr><th class=\"cookielawinfo-column-1\">Kola\u010di\u0107<\/th><th class=\"cookielawinfo-column-4\">Opis<\/th><\/tr><\/thead><tbody><tr class=\"cookielawinfo-row\"><td class=\"cookielawinfo-column-1\">cookielawinfo-checbox-analytics<\/td><td class=\"cookielawinfo-column-4\">Ovaj kola\u010di\u0107 je postavljen od GDPR Cookie Consent dodatka. Koristi se u svrhu spremanja korisni\u010dkog pristanka na kola\u010di\u0107e iz kategorije &#8220;Analitika&#8221;.<\/td><\/tr><tr class=\"cookielawinfo-row\"><td class=\"cookielawinfo-column-1\">cookielawinfo-checbox-functional<\/td><td class=\"cookielawinfo-column-4\">Ovaj kola\u010di\u0107 je postavljen od GDPR Cookie Consent dodatka. Koristi se u svrhu spremanja korisni\u010dkog pristanka na kola\u010di\u0107e iz kategorije &#8220;Funkcionalno&#8221;.<\/td><\/tr><tr class=\"cookielawinfo-row\"><td class=\"cookielawinfo-column-1\">cookielawinfo-checbox-others<\/td><td class=\"cookielawinfo-column-4\">Ovaj kola\u010di\u0107 je postavljen od GDPR Cookie Consent dodatka. Koristi se u svrhu spremanja korisni\u010dkog pristanka na kola\u010di\u0107e iz kategorije &#8220;Ostalo&#8221;.<\/td><\/tr><tr class=\"cookielawinfo-row\"><td class=\"cookielawinfo-column-1\">cookielawinfo-checkbox-necessary<\/td><td class=\"cookielawinfo-column-4\">Ovaj kola\u010di\u0107 je postavljen od GDPR Cookie Consent dodatka. Koristi se u svrhu spremanja korisni\u010dkog pristanka na kola\u010di\u0107e iz kategorije &#8220;Neophodno&#8221;.<\/td><\/tr><tr class=\"cookielawinfo-row\"><td class=\"cookielawinfo-column-1\">cookielawinfo-checkbox-performance<\/td><td class=\"cookielawinfo-column-4\">Ovaj kola\u010di\u0107 je postavljen od GDPR Cookie Consent dodatka. Koristi se u svrhu spremanja korisni\u010dkog pristanka na kola\u010di\u0107e iz kategorije &#8220;Performanse&#8221;.<\/td><\/tr><tr class=\"cookielawinfo-row\"><td class=\"cookielawinfo-column-1\">viewed_cookie_policy<\/td><td class=\"cookielawinfo-column-4\">Ovaj kola\u010di\u0107 je postavljen od GDPR Cookie Consent dodatka. Koristi se u svrhu spremanja korisni\u010dkog pristanka ili odbijanja kola\u010di\u0107a. Ne sprema nikakve osobne podatke.<\/td><\/tr><\/tbody><\/table>\n<\/div>\n<h3>Kako mogu promijeniti moje postavke kola\u010di\u0107a ?<\/h3>\n<div>\n<p>Ako kasnije tijekom sesije pregledavanja odlu\u010dite prom<span style=\"font-size: 18px; font-style: normal; font-weight: 400; color: var( --e-global-color-text ); font-family: var( --e-global-typography-text-font-family ), Sans-serif;\">ijeniti svoje postavke, na dnu stranice mo\u017eete kliknuti na link&nbsp; &#8220;Izjava o kola\u010di\u0107ima&#8221;, te na po\u010detku ove stranice kliknuti link<\/span><span style=\"font-size: 18px; font-style: normal; font-weight: 400; color: var( --e-global-color-text ); font-family: var( --e-global-typography-text-font-family ), Sans-serif;\">&nbsp;<\/span><span style=\"font-size: 18px; font-style: normal; color: var( --e-global-color-text ); font-family: var( --e-global-typography-text-font-family ), Sans-serif;\"><b>M<\/b><\/span><span style=\"font-size: 18px; color: var( --e-global-color-text ); font-family: var( --e-global-typography-text-font-family ), Sans-serif;\"><b>anage Your Consent .<\/b>&nbsp;Tada \u0107e se ponovno prikazati obavijest o pristanku koja vam omogu\u0107uje da promijenite postavke ili u potpunosti povu\u010dete pristanak.<\/span><\/p>\n<p>Uz to, razli\u010diti preglednici nude razli\u010dite metode blokiranja i brisanja kola\u010di\u0107a koje koriste web stranice. Mo\u017eete promijeniti postavke svog preglednika kako biste blokirali \/ izbrisali kola\u010di\u0107e. Da biste saznali vi\u0161e o na\u010dinu upravljanja i brisanja kola\u010di\u0107a&nbsp; posjetite&nbsp;&nbsp;<a href=\"https:\/\/www.allaboutcookies.org\/\" target=\"_blank\">www.allaboutcookies.org<\/a>.<\/p>\n<\/div>\n<\/div>\t\t\t\t\t\t\t\t<\/div>\n\t\t\t\t<\/div>\n\t\t\t\t\t<\/div>\n\t\t<\/div>\n\t\t\t\t\t<\/div>\n\t\t<\/section>\n\t\t\t\t<\/div>\n\t\t","protected":false},"excerpt":{"rendered":"<p>O kori\u0161tenju kola\u010di\u0107a Ova Izjava o kola\u010di\u0107ima obja\u0161njava \u0161to su kola\u010di\u0107i i kako ih koristimo, vrste kola\u010di\u0107a koje koristimo, tj. koje podatke prikupljamo pomo\u0107u kola\u010di\u0107a i kako se te informacije koriste, te kako kontrolirati postavke kola\u010di\u0107a. Dodatne informacije o tome kako koristimo, pohranjujemo i \u010duvamo va\u0161e osobne podatke potra\u017eite u na\u0161oj&nbsp;Izjavi o privatnosti. Mo\u017eete u [&hellip;]<\/p>\n","protected":false},"author":1,"featured_media":0,"parent":0,"menu_order":0,"comment_status":"closed","ping_status":"closed","template":"","meta":{"nf_dc_page":"","om_disable_all_campaigns":false,"_monsterinsights_skip_tracking":false,"_monsterinsights_sitenote_active":false,"_monsterinsights_sitenote_note":"","_monsterinsights_sitenote_category":0,"_uf_show_specific_survey":0,"_uf_disable_surveys":false,"site-sidebar-layout":"default","site-content-layout":"default","ast-site-content-layout":"default","site-content-style":"default","site-sidebar-style":"default","ast-global-header-display":"","ast-banner-title-visibility":"","ast-main-header-display":"","ast-hfb-above-header-display":"","ast-hfb-below-header-display":"","ast-hfb-mobile-header-display":"","site-post-title":"","ast-breadcrumbs-content":"","ast-featured-img":"","footer-sml-layout":"","ast-disable-related-posts":"","theme-transparent-header-meta":"default","adv-header-id-meta":"","stick-header-meta":"","header-above-stick-meta":"","header-main-stick-meta":"","header-below-stick-meta":"","astra-migrate-meta-layouts":"default","ast-page-background-enabled":"default","ast-page-background-meta":{"desktop":{"background-color":"","background-image":"","background-repeat":"repeat","background-position":"center center","background-size":"auto","background-attachment":"scroll","background-type":"","background-media":"","overlay-type":"","overlay-color":"","overlay-opacity":"","overlay-gradient":""},"tablet":{"background-color":"","background-image":"","background-repeat":"repeat","background-position":"center center","background-size":"auto","background-attachment":"scroll","background-type":"","background-media":"","overlay-type":"","overlay-color":"","overlay-opacity":"","overlay-gradient":""},"mobile":{"background-color":"","background-image":"","background-repeat":"repeat","background-position":"center center","background-size":"auto","background-attachment":"scroll","background-type":"","background-media":"","overlay-type":"","overlay-color":"","overlay-opacity":"","overlay-gradient":""}},"ast-content-background-meta":{"desktop":{"background-color":"var(--ast-global-color-5)","background-image":"","background-repeat":"repeat","background-position":"center center","background-size":"auto","background-attachment":"scroll","background-type":"","background-media":"","overlay-type":"","overlay-color":"","overlay-opacity":"","overlay-gradient":""},"tablet":{"background-color":"var(--ast-global-color-5)","background-image":"","background-repeat":"repeat","background-position":"center center","background-size":"auto","background-attachment":"scroll","background-type":"","background-media":"","overlay-type":"","overlay-color":"","overlay-opacity":"","overlay-gradient":""},"mobile":{"background-color":"var(--ast-global-color-5)","background-image":"","background-repeat":"repeat","background-position":"center center","background-size":"auto","background-attachment":"scroll","background-type":"","background-media":"","overlay-type":"","overlay-color":"","overlay-opacity":"","overlay-gradient":""}},"footnotes":""},"class_list":["post-592","page","type-page","status-publish","hentry"],"aioseo_notices":[],"jetpack_sharing_enabled":true,"_links":{"self":[{"href":"https:\/\/rodnamaslinada.com\/hr\/wp-json\/wp\/v2\/pages\/592","targetHints":{"allow":["GET"]}}],"collection":[{"href":"https:\/\/rodnamaslinada.com\/hr\/wp-json\/wp\/v2\/pages"}],"about":[{"href":"https:\/\/rodnamaslinada.com\/hr\/wp-json\/wp\/v2\/types\/page"}],"author":[{"embeddable":true,"href":"https:\/\/rodnamaslinada.com\/hr\/wp-json\/wp\/v2\/users\/1"}],"replies":[{"embeddable":true,"href":"https:\/\/rodnamaslinada.com\/hr\/wp-json\/wp\/v2\/comments?post=592"}],"version-history":[{"count":5,"href":"https:\/\/rodnamaslinada.com\/hr\/wp-json\/wp\/v2\/pages\/592\/revisions"}],"predecessor-version":[{"id":837,"href":"https:\/\/rodnamaslinada.com\/hr\/wp-json\/wp\/v2\/pages\/592\/revisions\/837"}],"wp:attachment":[{"href":"https:\/\/rodnamaslinada.com\/hr\/wp-json\/wp\/v2\/media?parent=592"}],"curies":[{"name":"wp","href":"https:\/\/api.w.org\/{rel}","templated":true}]}}