{"id":3,"date":"2020-11-02T11:19:09","date_gmt":"2020-11-02T10:19:09","guid":{"rendered":"https:\/\/box2279\/cgi\/addon_GT.cgi?s=GT::WP::Install::EIG+%28rodnamas%29+-+10.24.48.80+%5BWordPress%3b+\/var\/hp\/common\/lib\/WordPress.pm%3b+294%3b+Hosting::gap_call%5D\/?page_id=3"},"modified":"2021-05-16T17:27:44","modified_gmt":"2021-05-16T15:27:44","slug":"privacy-policy","status":"publish","type":"page","link":"https:\/\/rodnamaslinada.com\/hr\/privacy-policy\/","title":{"rendered":"Izjava o privatnosti"},"content":{"rendered":"\t\t<div data-elementor-type=\"wp-page\" data-elementor-id=\"3\" class=\"elementor elementor-3\">\n\t\t\t\t\t\t<section class=\"elementor-section elementor-top-section elementor-element elementor-element-29958542 elementor-section-boxed elementor-section-height-default elementor-section-height-default\" data-id=\"29958542\" data-element_type=\"section\" data-e-type=\"section\">\n\t\t\t\t\t\t<div class=\"elementor-container elementor-column-gap-default\">\n\t\t\t\t\t<div class=\"elementor-column elementor-col-100 elementor-top-column elementor-element elementor-element-7f5f3f0\" data-id=\"7f5f3f0\" data-element_type=\"column\" data-e-type=\"column\">\n\t\t\t<div class=\"elementor-widget-wrap elementor-element-populated\">\n\t\t\t\t\t\t<div class=\"elementor-element elementor-element-5538352a elementor-widget elementor-widget-text-editor\" data-id=\"5538352a\" data-element_type=\"widget\" data-e-type=\"widget\" data-widget_type=\"text-editor.default\">\n\t\t\t\t<div class=\"elementor-widget-container\">\n\t\t\t\t\t\t\t\t\t<p><\/p>\n<h1 class=\"wp-block-heading\"><strong>Izjava o privatnosti<\/strong><\/h1><div><strong><br><\/strong><\/div>\n<p>Tvrtka Rodna Maslinada d.o.o. je vlasnik web stranice rodnamaslinada.com (\u201eweb stranica\u201c). Stvorili smo ovu izjavu o privatnosti kako bismo pokazali da brinemo o privatnosti na\u0161ih korisnika te kako bismo ih informirali o na\u010dinima skupljanja i obrade osobnih podataka na ovoj web stranici.<\/p>\n<p>Molimo vas da ovu Izjavu pro\u010ditate pa\u017eljivo kako biste saznali kako skupljamo, obra\u0111ujemo, \u0161titimo ili na bilo koji drugi na\u010din koristimo va\u0161e osobne podatke.<\/p>\n<p><strong>Slu\u017ebenik za za\u0161titu podataka<\/strong><\/p>\n<p>Na\u0161a tvrtka ima sjedi\u0161te u Makarskoj, Republika Hrvatska. Imenovali smo slu\u017ebenika za za\u0161titu podataka kako biste ga mogli kontaktirati radi bilo kakvih pitanja ili pritu\u017ebi vezanih uz na\u0161u politiku privatnosti ili rukovanje osobnim podacima. Kontaktni mail za pitanja o potencijalnoj ili stvarnoj povredi Va\u0161e privatnosti mo\u017eete uputiti slu\u017ebenoj osobi za za\u0161titu podataka na <span id=\"cloakbd71d7bc7c72a4b3849d2c5555f4950c\"><a href=\"mailto:info@rodnamaslinada.com\">info@rodnamaslinada.com<\/a> .<\/span><\/p>\n<p><strong>Prikupljanje podataka<\/strong><\/p>\n<p>Osobni podatak jest svaki podatak koji se odnosi na pojedinca \u010diji je identitet poznat ili se mo\u017ee srazmjerno razumnim ulo\u017eenim resursima i nama pristupa\u010dnim te legalnim na\u010dinom nedvojbeno utvrditi. Pojedinac \u010diji se identitet mo\u017ee utvrditi jest osoba koja se mo\u017ee nedvojbeno identificirati izravno ili neizravno, osobito uz pomo\u0107 identifikatora kao \u0161to su ime, identifikacijski broj, podaci o to\u010dnoj geolokaciji, mre\u017eni identifikator ili uz pomo\u0107 jednog ili vi\u0161e \u010dimbenika svojstvenih za fizi\u010dki, fiziolo\u0161ki, genetski, mentalni, ekonomski, kulturni ili socijalni identitet tog pojedinca.<br>Va\u0161e osobne podatke prikupljamo samo kada nam svojom voljom date takve informacije. Podatke o Vama prikupljamo ako ispunite obrazac za primanje neke informacije ili besplatnog servisa ili prilikom prijave na newsletter no niti tada ne tra\u017eimo nikakav drugi podatak osim e-mail adrese koja nam ne mo\u017ee dati nedvojbenu informaciju o Vama kao osobi niti ih na neki drugi prikriveni na\u010din prikupljamo.<br>Trebali biste imati na umu da se neosobne informacije i podaci mogu automatski prikupljati putem na\u0161ih Internet servera ili kori\u0161tenjem \u201ekola\u010di\u0107a\u201c. Kliknite&nbsp;<a href=\"https:\/\/rodnamaslinada.com\/cookie-policy\/\">ovdje<\/a>&nbsp;kako biste pro\u010ditali na\u0161u politiku o kola\u010di\u0107ima.<br>Primjeri informacija o Va\u0161em kori\u0161tenju stranice uklju\u010duju: najposje\u0107enije i najgledanije stranice i poveznice na na\u0161oj web stranici, broj ispunjenih obrazaca, vrijeme provedeno na stranici, najpopularnije klju\u010dne rije\u010di koji korisnike vode do na\u0161e stranice, va\u0161a IP adresa, informacije koje se skupljaju putem kola\u010di\u0107a, podaci va\u0161eg ure\u0111aja poput postavki hardwarea, sistemske aktivnosti, vrste pretra\u017eiva\u010da itd.<br>Ne prikupljamo podatke koji Vas nedvojbeno mogu identificirati kao osobu osim ako to izri\u010dito tra\u017eimo ako nam se prijavljujete kroz neku formu (Anketni ili sl. upitnik) no tada tra\u017eimo izri\u010ditu privolu za prikupljanje takvog podatka kojeg niti tada ne proslje\u0111ujemo tre\u0107oj strani.<\/p>\n<p><strong>Obrada podataka<\/strong><\/p>\n<p>Podatke dobivene o vama koristimo u jednu ili vi\u0161e navedenih svrha:<\/p>\n<ul>\n<li>Radi personalizacije Va\u0161eg korisni\u010dkog iskustva (prikupljene informacije nam poma\u017eu da bolje odgovorimo na Va\u0161e individualne potrebe);<\/li>\n<li>Radi pobolj\u0161anja na\u0161e web stranice (trajno nastojimo pobolj\u0161ati ponudu na\u0161e web stranice na temelju povratnih informacija koje dobivamo od na\u0161ih posjetitelja);<\/li>\n<li>Radi uspostave primarnog kanala komunikacije s vama;<\/li>\n<li>Radi povremenog slanja e-poruka (koje se ti\u010du povremenog primanja vijesti (ako to \u017eelite), a\u017euriranja, informacija o sli\u010dnim proizvodima ili uslugama, itd.)<\/li>\n<li>Poveznice s tre\u0107im stranama Na na\u0161oj web stranici u na\u0161e ime ne nudimo niti pru\u017eamo usluge ili proizvode tre\u0107ih strana ve\u0107 samo pru\u017eamo reklamni prostor u kojem tre\u0107e strane mogu promovirati svoj proizvod.&nbsp;<\/li>\n<\/ul>\n<p><strong>Za\u0161tita va\u0161ih podataka<\/strong><\/p>\n<p>Kako bismo za\u0161titili osobne podatke koje \u0161aljete preko ove web stranice, koristimo fizi\u010dke, tehni\u010dke i organizacijske mjere sigurnosti. Neprestano nadogra\u0111ujemo i testiramo na\u0161u sigurnosnu tehnologiju. Ograni\u010davamo pristup Va\u0161im osobnim podacima samo onim zaposlenicima koji trebaju znati te informacije kako bi Vam pru\u017eili neke koristi ili usluge. Osim toga, educiramo na\u0161e zaposlenike o va\u017enosti povjerljivosti podataka te \u010duvanju privatnosti i za\u0161titi Va\u0161ih podataka.<\/p>\n<p><strong>Pohrana i rok \u010duvanja podataka<\/strong><\/p>\n<p>Svi podaci su pohranjeni u bazama podataka i repozitorijima koji su pod nadzorom stru\u010dnih osoba.<br>Va\u0161e osobne podatke \u010duvamo i \u0161titimo s najve\u0107om mogu\u0107om pa\u017enjom i brigom za vrijeme trajanja Va\u0161eg poslovnog odnosa s nama.<\/p>\n<p><strong>Prava pojedinaca<\/strong><\/p>\n<p>Ako mislite da je Va\u0161a privatnost ugro\u017eena ili (i) povrije\u0111ena posjetom na\u0161im web servisima, a ugroza ili (i) povreda je jasno suprotna jasno iskazanim na\u0161im dobrim namjerama upravljanja Va\u0161im osobnim podacima u ovoj politici privatnosti, svakako nas neodlo\u017eivo kontaktirajte na e-mail&nbsp;<a href=\"mailto:info@rodnamaslinada.com\"><span id=\"cloake9473b956453c625abb40d8059e508ce\">info@rodnamaslinada.com<\/span><\/a> . U\u010dinit \u0107emo sve kako bi uklonili potencijalnu ugrozu neovla\u0161tenog upravljanja ili zloporabe Va\u0161ih osobnih podataka, ako smo tehni\u010dki u mogu\u0107nosti to rije\u0161iti.<\/p>\n<p><strong>Obavje\u0161\u0107ivanje o povredi osobnih podataka<\/strong><\/p>\n<p>U slu\u010daju povrede osobnih podataka obavijestit \u0107emo Vas i nadle\u017eno nadzorno tijelo porukom e-po\u0161te u roku 72 sata o razmjerima povrede, obuhva\u0107enim podacima, mo\u017eebitnom utjecaju na na\u0161e usluge i na\u0161im planiranim mjerama za osiguranje podataka i ograni\u010denje bilo kakvih \u0161tetnih u\u010dinaka po pojedince.<\/p>\n<p>Obavijest o povredi Vam ne\u0107emo poslati u slu\u010daju:<\/p>\n<ul>\n<li>ako postoje tehni\u010dke i organizacijske mjere za\u0161tite (poput enkripcije) koje su primijenjene na osobne podatke pogo\u0111ene povredom osobnih podataka, koje te podatke \u010dine nerazumljiva bilo kojoj osobi koja im nije ovla\u0161tena pristupiti;<\/li>\n<li>ako smo poduzeli naknadne mjere kojima se osigurava da vi\u0161e nije vjerojatno da \u0107e do\u0107i do visokog rizika za prava i slobode pojedinaca;<\/li>\n<li>ako bi to iziskivalo nerazmjeran napor (u tom slu\u010daju \u0107emo Vas obavijestiti putem sredstava javnog obavje\u0161\u0107ivanja ili sli\u010dne jednako djelotvorne mjere).<\/li>\n<\/ul>\n<p>Povreda osobnih podataka zna\u010di povredu sigurnosti koja vodi do nenamjernog ili nezakonitog uni\u0161tenja, gubitka, izmjene, neautoriziranog otkrivanja ili pristupa osobnim podacima koji se prenose, \u010duvaju i obra\u0111uju u vezi s nu\u0111enjem na\u0161ih usluga.<\/p>\n<p><strong>Va\u0161a privola<\/strong><\/p>\n<p>Kori\u0161tenjem ove web stranice dajete privolu na ovu politiku privatnosti.<\/p>\n<p><b>Promjene na\u0161e politike privatnosti<\/b><\/p>\n<p>U slu\u010daju promjena na\u0161e politike privatnosti obavijestit \u0107emo Vas o tome na ovoj stranici i a\u017eurirati datum izmjene politike privatnosti dolje kako slijedi.<\/p>\n<p>Ova politika privatnosti je zadnji put izmijenjena 8. travnja 2021. godine.<\/p>\n<p><\/p>\t\t\t\t\t\t\t\t<\/div>\n\t\t\t\t<\/div>\n\t\t\t\t\t<\/div>\n\t\t<\/div>\n\t\t\t\t\t<\/div>\n\t\t<\/section>\n\t\t\t\t<\/div>\n\t\t","protected":false},"excerpt":{"rendered":"<p>Izjava o privatnosti Tvrtka Rodna Maslinada d.o.o. je vlasnik web stranice rodnamaslinada.com (\u201eweb stranica\u201c). Stvorili smo ovu izjavu o privatnosti kako bismo pokazali da brinemo o privatnosti na\u0161ih korisnika te kako bismo ih informirali o na\u010dinima skupljanja i obrade osobnih podataka na ovoj web stranici. Molimo vas da ovu Izjavu pro\u010ditate pa\u017eljivo kako biste saznali [&hellip;]<\/p>\n","protected":false},"author":1,"featured_media":0,"parent":0,"menu_order":0,"comment_status":"closed","ping_status":"closed","template":"","meta":{"nf_dc_page":"","om_disable_all_campaigns":false,"_monsterinsights_skip_tracking":false,"_monsterinsights_sitenote_active":false,"_monsterinsights_sitenote_note":"","_monsterinsights_sitenote_category":0,"_uf_show_specific_survey":0,"_uf_disable_surveys":false,"site-sidebar-layout":"default","site-content-layout":"","ast-site-content-layout":"default","site-content-style":"default","site-sidebar-style":"default","ast-global-header-display":"","ast-banner-title-visibility":"","ast-main-header-display":"","ast-hfb-above-header-display":"","ast-hfb-below-header-display":"","ast-hfb-mobile-header-display":"","site-post-title":"","ast-breadcrumbs-content":"","ast-featured-img":"","footer-sml-layout":"","ast-disable-related-posts":"","theme-transparent-header-meta":"","adv-header-id-meta":"","stick-header-meta":"","header-above-stick-meta":"","header-main-stick-meta":"","header-below-stick-meta":"","astra-migrate-meta-layouts":"default","ast-page-background-enabled":"default","ast-page-background-meta":{"desktop":{"background-color":"","background-image":"","background-repeat":"repeat","background-position":"center center","background-size":"auto","background-attachment":"scroll","background-type":"","background-media":"","overlay-type":"","overlay-color":"","overlay-opacity":"","overlay-gradient":""},"tablet":{"background-color":"","background-image":"","background-repeat":"repeat","background-position":"center center","background-size":"auto","background-attachment":"scroll","background-type":"","background-media":"","overlay-type":"","overlay-color":"","overlay-opacity":"","overlay-gradient":""},"mobile":{"background-color":"","background-image":"","background-repeat":"repeat","background-position":"center center","background-size":"auto","background-attachment":"scroll","background-type":"","background-media":"","overlay-type":"","overlay-color":"","overlay-opacity":"","overlay-gradient":""}},"ast-content-background-meta":{"desktop":{"background-color":"var(--ast-global-color-5)","background-image":"","background-repeat":"repeat","background-position":"center center","background-size":"auto","background-attachment":"scroll","background-type":"","background-media":"","overlay-type":"","overlay-color":"","overlay-opacity":"","overlay-gradient":""},"tablet":{"background-color":"var(--ast-global-color-5)","background-image":"","background-repeat":"repeat","background-position":"center center","background-size":"auto","background-attachment":"scroll","background-type":"","background-media":"","overlay-type":"","overlay-color":"","overlay-opacity":"","overlay-gradient":""},"mobile":{"background-color":"var(--ast-global-color-5)","background-image":"","background-repeat":"repeat","background-position":"center center","background-size":"auto","background-attachment":"scroll","background-type":"","background-media":"","overlay-type":"","overlay-color":"","overlay-opacity":"","overlay-gradient":""}},"footnotes":""},"class_list":["post-3","page","type-page","status-publish","hentry"],"aioseo_notices":[],"jetpack_sharing_enabled":true,"_links":{"self":[{"href":"https:\/\/rodnamaslinada.com\/hr\/wp-json\/wp\/v2\/pages\/3","targetHints":{"allow":["GET"]}}],"collection":[{"href":"https:\/\/rodnamaslinada.com\/hr\/wp-json\/wp\/v2\/pages"}],"about":[{"href":"https:\/\/rodnamaslinada.com\/hr\/wp-json\/wp\/v2\/types\/page"}],"author":[{"embeddable":true,"href":"https:\/\/rodnamaslinada.com\/hr\/wp-json\/wp\/v2\/users\/1"}],"replies":[{"embeddable":true,"href":"https:\/\/rodnamaslinada.com\/hr\/wp-json\/wp\/v2\/comments?post=3"}],"version-history":[{"count":5,"href":"https:\/\/rodnamaslinada.com\/hr\/wp-json\/wp\/v2\/pages\/3\/revisions"}],"predecessor-version":[{"id":830,"href":"https:\/\/rodnamaslinada.com\/hr\/wp-json\/wp\/v2\/pages\/3\/revisions\/830"}],"wp:attachment":[{"href":"https:\/\/rodnamaslinada.com\/hr\/wp-json\/wp\/v2\/media?parent=3"}],"curies":[{"name":"wp","href":"https:\/\/api.w.org\/{rel}","templated":true}]}}