{"id":267,"date":"2020-11-16T10:11:51","date_gmt":"2020-11-16T10:11:51","guid":{"rendered":"https:\/\/rodnamaslinada.com\/?page_id=267"},"modified":"2023-04-13T16:39:51","modified_gmt":"2023-04-13T14:39:51","slug":"maslinaprava","status":"publish","type":"page","link":"https:\/\/rodnamaslinada.com\/hr\/maslinaprava\/","title":{"rendered":"Maslinaprava"},"content":{"rendered":"\t\t<div data-elementor-type=\"wp-page\" data-elementor-id=\"267\" class=\"elementor elementor-267\">\n\t\t\t\t\t\t<section class=\"elementor-section elementor-top-section elementor-element elementor-element-bc52c21 elementor-section-full_width elementor-section-height-default elementor-section-height-default\" data-id=\"bc52c21\" data-element_type=\"section\" data-e-type=\"section\">\n\t\t\t\t\t\t<div class=\"elementor-container elementor-column-gap-default\">\n\t\t\t\t\t<div class=\"elementor-column elementor-col-100 elementor-top-column elementor-element elementor-element-a660ba6\" data-id=\"a660ba6\" data-element_type=\"column\" data-e-type=\"column\" data-settings=\"{&quot;background_background&quot;:&quot;classic&quot;}\">\n\t\t\t<div class=\"elementor-widget-wrap elementor-element-populated\">\n\t\t\t\t\t\t<div class=\"elementor-element elementor-element-69797a1 elementor-widget elementor-widget-video\" data-id=\"69797a1\" data-element_type=\"widget\" data-e-type=\"widget\" data-settings=\"{&quot;youtube_url&quot;:&quot;https:\\\/\\\/youtu.be\\\/MGfZEEBq6ZU&quot;,&quot;video_type&quot;:&quot;youtube&quot;,&quot;controls&quot;:&quot;yes&quot;}\" data-widget_type=\"video.default\">\n\t\t\t\t<div class=\"elementor-widget-container\">\n\t\t\t\t\t\t\t<div class=\"elementor-wrapper elementor-open-inline\">\n\t\t\t<div class=\"elementor-video\"><\/div>\t\t<\/div>\n\t\t\t\t\t\t<\/div>\n\t\t\t\t<\/div>\n\t\t\t\t\t<\/div>\n\t\t<\/div>\n\t\t\t\t\t<\/div>\n\t\t<\/section>\n\t\t\t\t<section class=\"elementor-section elementor-top-section elementor-element elementor-element-4fff82b3 elementor-section-boxed elementor-section-height-default elementor-section-height-default\" data-id=\"4fff82b3\" data-element_type=\"section\" data-e-type=\"section\" data-settings=\"{&quot;background_background&quot;:&quot;classic&quot;}\">\n\t\t\t\t\t\t<div class=\"elementor-container elementor-column-gap-default\">\n\t\t\t\t\t<div class=\"elementor-column elementor-col-100 elementor-top-column elementor-element elementor-element-c7b69e5\" data-id=\"c7b69e5\" data-element_type=\"column\" data-e-type=\"column\">\n\t\t\t<div class=\"elementor-widget-wrap elementor-element-populated\">\n\t\t\t\t\t\t<div class=\"elementor-element elementor-element-1a355f5c elementor-widget elementor-widget-text-editor\" data-id=\"1a355f5c\" data-element_type=\"widget\" data-e-type=\"widget\" data-widget_type=\"text-editor.default\">\n\t\t\t\t<div class=\"elementor-widget-container\">\n\t\t\t\t\t\t\t\t\t\n<h2 class=\"wp-block-heading\">Uvod<\/h2>\n\n<p class=\"has-normal-font-size\">Berba i prerada maslina, odnosno proizvodnja maslinova ulja i stolnih maslina, iako izgledaju u naravi jednostavni, ukoliko se \u017eele napraviti na pravi na\u010din, u smislu postizanja optimalne kvalitete krajnjih proizvoda visoke ekonomske vrijednosti, relativno su zahtijevan proces koji u praksi nije jednostavno provesti.<\/p>\n\n<p class=\"has-normal-font-size\">Dozrijevanje maslina slo\u017een je proces koji se odvija postupno i neujedna\u010deno. Po\u010dinje u doba kada plod jo\u0161 nije dostigao punu veli\u010dinu. Prvi vanjski znak po\u010detka dozrijevanja jest promjena boje poko\u017eice. Boja se mijenja polagano, po\u010dinje od promjene zelene boje u svijetlozelenu, svijetlocrvenu, tamnocrvenu, do ljubi\u010daste, odnosno crne. Postoje sorte u kojih je karakteristi\u010dna svijetlozelena (bjelica ili \u017eutica). O stupnju zrelosti ovisi i kvaliteta, ali i koli\u010dina ulja.<\/p>\n\n<p class=\"has-normal-font-size\">Udjel slobodnih masnih kiselina pokazatelj je hidroliti\u010dkog kvarenja ulja djelovanjem lipoliti\u010dkih enzima uz prisustvo vode i indirektan je pokazatelj zdravstvene ispravnosti ploda koji slu\u017ei kao sirovina za proizvodnju ulja. Do osloba\u0111anja slobodnih masnih kiselina mo\u017ee do\u0107i u samom plodu ili prilikom o\u0161te\u0107enja ploda kada ulje oslobo\u0111eno iz vakuola dolazi u kontakt s lipoliti\u010dkim enzimima. \u0160to je o\u0161te\u0107enje ploda bilo ve\u0107e i \u0161to je du\u017ee vremena pro\u0161lo od o\u0161te\u0107enja ploda od ekstrakcije ulja, to se o\u010dekuju ve\u0107e vrijednosti SMK. Slobodne masne kiseline ne utje\u010du negativno na ljudsko zdravlje, no ukoliko je pove\u0107an njihov udjel, dolazi do pove\u0107anja viskoznosti ulja, a mogu\u0107e je i smanjivanje oksidacijske stabilnosti jer slobodne masne kiseline imaju prooksidacijsko djelovanje.<\/p>\n\n<p class=\"has-normal-font-size\">Osim udjela slobodnih masnih kiselina, osnovni parametri kvalitete djevi\u010danskog maslinovog ulja su pokazatelji oksidacijskog kvarenja, a to su peroksidni broj i K brojevi. Peroksidni broj pokazuje primarne produkte oksidacijskog kvarenja, a mo\u017ee se pove\u0107ati uslijed neodgovaraju\u0107eg skladi\u0161tenja ulja kada je ulje izlo\u017eeno kisiku iz zraka, svjetlosti, toplini i tvarima s prooksidacijskim djelovanjem. \u02ddGubitak\u00a0 kakvo\u0107e\u00a0 ulja\u00a0 tijekom\u00a0\u010duvanja\u00a0 maslina\u00a0 uzrokovan\u00a0 je\u00a0 autolizom\u00a0 tkiva\u00a0 uslijed\u00a0 djelovanja endogenih enzima mehani\u010dkim o\u0161te\u0107enjem tkiva, te uslijed plijesni, kvasca i bakterija. \u02dd (dr. Olivera Koprivnjak, Maslinovo ulje od masline do stola). Sakupljanjem maslina u duboke ko\u0161are ili vre\u0107e, te njihovim \u010duvanjem u njima do prerade, dolazi do kvarenja ploda dijelom zbog fizi\u010dkih o\u0161te\u0107enja, dijelom zbog pregrijavanja, i dijelom zbog te\u017eine samog sloja maslina. Znanost je potvrdila da se obrani plodovi najbolje \u010duvaju u krutim prozra\u010dnim posudama i sa slojem dubokim najvi\u0161e 12 cm \u0161to je upravo i visina inoks ko\u0161a koje ima maslinaprava. Ovo je posebice va\u017eno kod branja stolnih maslina koje se i ina\u010de beru isklju\u010divo ru\u010dno.<\/p>\n\n<div class=\"wp-block-media-text alignwide is-stacked-on-mobile\">\n<figure class=\"wp-block-media-text__media\"><img fetchpriority=\"high\" decoding=\"async\" width=\"915\" height=\"727\" data-recalc-dims=\"1\" class=\"wp-image-306\" src=\"https:\/\/i0.wp.com\/rodnamaslinada.com\/wp-content\/uploads\/2020\/11\/kosevi.jpg?ssl=1\" alt=\"\" srcset=\"https:\/\/i0.wp.com\/rodnamaslinada.com\/wp-content\/uploads\/2020\/11\/kosevi.jpg?w=915&amp;ssl=1 915w, https:\/\/i0.wp.com\/rodnamaslinada.com\/wp-content\/uploads\/2020\/11\/kosevi.jpg?resize=300%2C238&amp;ssl=1 300w, https:\/\/i0.wp.com\/rodnamaslinada.com\/wp-content\/uploads\/2020\/11\/kosevi.jpg?resize=768%2C610&amp;ssl=1 768w\" sizes=\"(max-width: 915px) 100vw, 915px\" \/><\/figure>\n<div class=\"wp-block-media-text__content\">\n<p class=\"has-normal-font-size\">Ko\u0161evi od inoksa su osmi\u0161ljeni da se jednostavno sla\u017eu jedan u drugi kad su prazni, te popre\u010dno jedan na drugi kad su puni. Svojim dimenzijama idealno se uklapaju \u010dak i u prtlja\u017enik osobnih automobila. Na taj na\u010din, ovi ko\u0161evi omogu\u0107avaju jednostavno, kvalitetno, u\u010dinkovito i ekonomi\u010dno postupanje s plodovima maslina, a i sa samim ko\u0161evima, u svim fazama berbe i transporta plodova maslina.<\/p>\n<\/div>\n<\/div>\n\n<p class=\"has-normal-font-size\">Ispravnim ru\u010dnim branjem maslina, te njihovim sakupljanjem, \u010duvanjem i transportom na optimalan na\u010din posti\u017eu se zna\u010dajni izravni u\u010dinci na kvalitetu krajnjeg proizvoda. Upravo u ovome, maslinaprava dobiva svoju punu vrijednost za svakog maslinara koji od svojih maslina \u017eeli stvoriti najvi\u0161u vrijednost, a da se pri tom osigura i optimalna skrb za stablo, te posebice i za krajnje korisnike i kupce njegovih proizvoda \u2013 visoko kvalitetnih maslinovih ulja i stolnih maslina.<\/p>\n\n<h2 class=\"wp-block-heading\">Opis maslinaprave<\/h2>\n\n<p class=\"has-normal-font-size\">Maslinaprava je jedinstven proizvod na tr\u017ei\u0161tu usmjeren svima koji su povezani s ru\u010dnim branjem masline i kvalitetnim skladi\u0161tenjem ubranih maslina do njihove prerade, bilo na izravan ili neizravan na\u010din.<\/p>\n\n<div class=\"wp-block-media-text alignwide is-stacked-on-mobile\">\n<figure class=\"wp-block-media-text__media\"><img decoding=\"async\" width=\"709\" height=\"518\" data-recalc-dims=\"1\" class=\"wp-image-301\" src=\"https:\/\/i0.wp.com\/rodnamaslinada.com\/wp-content\/uploads\/2020\/11\/maslinaprava.png?ssl=1\" alt=\"\" srcset=\"https:\/\/i0.wp.com\/rodnamaslinada.com\/wp-content\/uploads\/2020\/11\/maslinaprava.png?w=709&amp;ssl=1 709w, https:\/\/i0.wp.com\/rodnamaslinada.com\/wp-content\/uploads\/2020\/11\/maslinaprava.png?resize=300%2C219&amp;ssl=1 300w\" sizes=\"(max-width: 709px) 100vw, 709px\" \/><\/figure>\n<div class=\"wp-block-media-text__content\">\n<p class=\"has-normal-font-size\">Maslinaprava je naprava u obliku velikog naopako okrenutog ki\u0161obrana (veli\u010dine suncobrana) koja se koristi kao lijevak za sakupljanje plodova maslina s otvorom u sredini na koji se nastavlja posuda \u2013 ko\u0161 od inoksa koji slu\u017ei za jednostavno i bri\u017eno sakupljanje, \u010duvanje i transport ubranih plodova. Maslinaprava ima dr\u0161ku poput dr\u0161ke ki\u0161obrana kojom se vje\u0161a za granu masline s koje se beru plodovi.<\/p>\n<\/div>\n<\/div>\n\n<p class=\"has-normal-font-size\">Kori\u0161tenjem inovativne maslinaprave otkinuti plodovi masline ne stiskaju se u \u0161aku ve\u0107 padaju na hvata\u010d i otkotrljaju se sami u ko\u0161 u kojem se skladi\u0161te i prevoze do uljare za preradu. Punjenjem plodova u primjerene prozra\u010dne ko\u0161eve, bez presipanja do prerade u uljari, masline se ne o\u0161te\u0107uju i dobro se \u010duvaju. Ovo zna\u010di i veliku u\u0161tedu vremena u branju uslijed uklanjanja koraka presipanja prega\u010de ili posude u ve\u0107e posude.<\/p>\n\n<h2 class=\"wp-block-heading\">Prednosti kori\u0161tenja maslinaprave<\/h2>\n\n<p class=\"has-normal-font-size\">Maslinaprava podi\u017ee razinu profitabilnosti, odr\u017eivosti i atraktivnosti maslinarstva za stare i nove generacije maslinara. Me\u0111utim, ovo zna\u010di i odgovaraju\u0107u razinu informiranosti, edukacije i organizacije maslinara i njihovih aktivnosti posebice u segmentu berbe, \u010duvanja i transporta plodova maslina sukladno suvremenim znanstvenim, stru\u010dnim, ali i gastronomskim, ekolo\u0161kim i zdravstvenim standardima.<\/p>\n\n<p class=\"has-normal-font-size\">Maslinari koji prepoznaju prednosti kori\u0161tenja ovih standarda mogu svoj trud zna\u010dajnije kapitalizirati u odnosu na one koji te standarde zanemaruju. Pogledajmo najva\u017enije prednosti kori\u0161tenja maslinaprave kroz podizanje standarda 4E (ethics, excellence, economics\/effectiveness i ecology\/environment) etike, izvrsnosti, ekonomije i ekologije.<\/p>\n\n<h4 class=\"wp-block-heading\">Etika<\/h4>\n\n<p class=\"has-normal-font-size\">Upotrebom maslinaprave ne o\u0161te\u0107uje se stablo masline, jer nema ni tre\u0161nje ni mla\u010denja po granama. Naprotiv, stablu se pristupa s po\u0161tovanjem i zahvalnosti te se njegovi plodovi sakupljuju bez ikakvih invazivnih djelovanja.<\/p>\n\n<h4 class=\"wp-block-heading\">Izvrsnost<\/h4>\n\n<p class=\"has-normal-font-size\">Kori\u0161tenjem maslinaprave smanjuje se mogu\u0107nost o\u0161te\u0107ivanja plodova, \u010dime se pove\u010dava kvaliteta ulja i stolnih maslina, te se na taj na\u010din dobivaju ulja vrhunske kvalitete i izvanrednih organolepti\u010dkih svojstava. Mogu\u0107e je pritom odabirati plodove razli\u010ditih razina zrelosti, za razliku od branja tre\u0161njom ili udaranjem, \u010dime se otvara mogu\u0107nost proizvodnje ulja razli\u010ditih okusa.<\/p>\n\n<h4 class=\"wp-block-heading\">Ekonomi\u010dnost<\/h4>\n\n<p class=\"has-normal-font-size\">Ru\u010dnim branjem uz pomo\u0107 maslinaprave pove\u0107ava se produktivnosti i ekonomi\u010dnosti ru\u010dnog branja za 200-300% u odnosu na ru\u010dno branje bez maslinaprave. Ekonomi\u010dnije je jer nema jednokratnih pomagala kao \u0161to su vre\u0107e i prostirke. Maslinaprava se mo\u017ee koristit za vi\u0161e berbi kroz velik broj godina. Lako se i brzo prenosi sa grane na granu i mo\u017ee se koristiti na svim vrstama terena.<\/p>\n\n<h4 class=\"wp-block-heading\">Ekologija<\/h4>\n\n<p class=\"has-normal-font-size\">Odabirom maslinaprave i njenih inoks ko\u0161eva za skladi\u0161tenje i transport u ekolo\u0161ki i zdravstveno vi\u0161estruko primjerenijim uvjetima, smanjuje se one\u010di\u0161\u0107enja okoli\u0161a zbog ukidanja potrebe za kori\u0161tenjem jednokratnih poliesterskih neprozra\u010dnih ili mre\u017eastih vre\u0107a.<\/p>\n\n<p class=\"has-normal-font-size\">Iz svega ovoga, jasna je i ekonomska, i zdravstvena, i ekolo\u0161ka, i gastronomska prednost kori\u0161tenja maslinaprave kod ru\u010dnog branja u odnosu na ru\u010dno branje bez maslinaprave.<\/p>\n\t\t\t\t\t\t\t\t<\/div>\n\t\t\t\t<\/div>\n\t\t\t\t\t<\/div>\n\t\t<\/div>\n\t\t\t\t\t<\/div>\n\t\t<\/section>\n\t\t\t\t<section class=\"elementor-section elementor-top-section elementor-element elementor-element-600d4e01 elementor-section-boxed elementor-section-height-default elementor-section-height-default\" data-id=\"600d4e01\" data-element_type=\"section\" data-e-type=\"section\">\n\t\t\t\t\t\t<div class=\"elementor-container elementor-column-gap-default\">\n\t\t\t\t\t<div class=\"elementor-column elementor-col-100 elementor-top-column elementor-element elementor-element-1e71909c\" data-id=\"1e71909c\" data-element_type=\"column\" data-e-type=\"column\" data-settings=\"{&quot;background_background&quot;:&quot;classic&quot;}\">\n\t\t\t<div class=\"elementor-widget-wrap elementor-element-populated\">\n\t\t\t\t\t\t<div class=\"elementor-element elementor-element-1b5bcc65 elementor-position-right elementor-vertical-align-top elementor-widget elementor-widget-image-box\" data-id=\"1b5bcc65\" data-element_type=\"widget\" data-e-type=\"widget\" data-widget_type=\"image-box.default\">\n\t\t\t\t<div class=\"elementor-widget-container\">\n\t\t\t\t\t<div class=\"elementor-image-box-wrapper\"><figure class=\"elementor-image-box-img\"><a href=\"https:\/\/us1.list-manage.com\/contact-form?u=bf17f019fbc606c319d420277&#038;form_id=00c8c31cce6fe3de63eceacf23531cec\" tabindex=\"-1\"><img decoding=\"async\" width=\"640\" height=\"231\" src=\"https:\/\/i0.wp.com\/rodnamaslinada.com\/wp-content\/uploads\/2021\/05\/email-marketing-2362038_640.png?fit=640%2C231&amp;ssl=1\" class=\"elementor-animation-pulse attachment-full size-full wp-image-838\" alt=\"\" loading=\"eager\" srcset=\"https:\/\/i0.wp.com\/rodnamaslinada.com\/wp-content\/uploads\/2021\/05\/email-marketing-2362038_640.png?w=640&amp;ssl=1 640w, https:\/\/i0.wp.com\/rodnamaslinada.com\/wp-content\/uploads\/2021\/05\/email-marketing-2362038_640.png?resize=300%2C108&amp;ssl=1 300w\" sizes=\"(max-width: 640px) 100vw, 640px\" \/><\/a><\/figure><div class=\"elementor-image-box-content\"><h3 class=\"elementor-image-box-title\"><a href=\"https:\/\/us1.list-manage.com\/contact-form?u=bf17f019fbc606c319d420277&#038;form_id=00c8c31cce6fe3de63eceacf23531cec\">Da, \u017eelim primati e-po\u0161tu od Rodne Maslinade<\/a><\/h3><p class=\"elementor-image-box-description\">Slat \u0107emo vam obavijesti o na\u0161im ponudama i najnovije \u010dlanke direktno na va\u0161u email adresu.<\/p><\/div><\/div>\t\t\t\t<\/div>\n\t\t\t\t<\/div>\n\t\t\t\t\t<\/div>\n\t\t<\/div>\n\t\t\t\t\t<\/div>\n\t\t<\/section>\n\t\t\t\t<\/div>\n\t\t","protected":false},"excerpt":{"rendered":"<p>Uvod Berba i prerada maslina, odnosno proizvodnja maslinova ulja i stolnih maslina, iako izgledaju u naravi jednostavni, ukoliko se \u017eele napraviti na pravi na\u010din, u smislu postizanja optimalne kvalitete krajnjih proizvoda visoke ekonomske vrijednosti, relativno su zahtijevan proces koji u praksi nije jednostavno provesti. Dozrijevanje maslina slo\u017een je proces koji se odvija postupno i neujedna\u010deno. [&hellip;]<\/p>\n","protected":false},"author":1,"featured_media":0,"parent":0,"menu_order":0,"comment_status":"closed","ping_status":"closed","template":"","meta":{"nf_dc_page":"","om_disable_all_campaigns":false,"_monsterinsights_skip_tracking":false,"_monsterinsights_sitenote_active":false,"_monsterinsights_sitenote_note":"","_monsterinsights_sitenote_category":0,"_uf_show_specific_survey":0,"_uf_disable_surveys":false,"site-sidebar-layout":"default","site-content-layout":"default","ast-site-content-layout":"default","site-content-style":"default","site-sidebar-style":"default","ast-global-header-display":"","ast-banner-title-visibility":"","ast-main-header-display":"","ast-hfb-above-header-display":"","ast-hfb-below-header-display":"","ast-hfb-mobile-header-display":"","site-post-title":"","ast-breadcrumbs-content":"","ast-featured-img":"","footer-sml-layout":"","ast-disable-related-posts":"","theme-transparent-header-meta":"default","adv-header-id-meta":"","stick-header-meta":"","header-above-stick-meta":"","header-main-stick-meta":"","header-below-stick-meta":"","astra-migrate-meta-layouts":"default","ast-page-background-enabled":"default","ast-page-background-meta":{"desktop":{"background-color":"","background-image":"","background-repeat":"repeat","background-position":"center center","background-size":"auto","background-attachment":"scroll","background-type":"","background-media":"","overlay-type":"","overlay-color":"","overlay-opacity":"","overlay-gradient":""},"tablet":{"background-color":"","background-image":"","background-repeat":"repeat","background-position":"center center","background-size":"auto","background-attachment":"scroll","background-type":"","background-media":"","overlay-type":"","overlay-color":"","overlay-opacity":"","overlay-gradient":""},"mobile":{"background-color":"","background-image":"","background-repeat":"repeat","background-position":"center center","background-size":"auto","background-attachment":"scroll","background-type":"","background-media":"","overlay-type":"","overlay-color":"","overlay-opacity":"","overlay-gradient":""}},"ast-content-background-meta":{"desktop":{"background-color":"var(--ast-global-color-5)","background-image":"","background-repeat":"repeat","background-position":"center center","background-size":"auto","background-attachment":"scroll","background-type":"","background-media":"","overlay-type":"","overlay-color":"","overlay-opacity":"","overlay-gradient":""},"tablet":{"background-color":"var(--ast-global-color-5)","background-image":"","background-repeat":"repeat","background-position":"center center","background-size":"auto","background-attachment":"scroll","background-type":"","background-media":"","overlay-type":"","overlay-color":"","overlay-opacity":"","overlay-gradient":""},"mobile":{"background-color":"var(--ast-global-color-5)","background-image":"","background-repeat":"repeat","background-position":"center center","background-size":"auto","background-attachment":"scroll","background-type":"","background-media":"","overlay-type":"","overlay-color":"","overlay-opacity":"","overlay-gradient":""}},"footnotes":""},"class_list":["post-267","page","type-page","status-publish","hentry"],"aioseo_notices":[],"jetpack_sharing_enabled":true,"_links":{"self":[{"href":"https:\/\/rodnamaslinada.com\/hr\/wp-json\/wp\/v2\/pages\/267","targetHints":{"allow":["GET"]}}],"collection":[{"href":"https:\/\/rodnamaslinada.com\/hr\/wp-json\/wp\/v2\/pages"}],"about":[{"href":"https:\/\/rodnamaslinada.com\/hr\/wp-json\/wp\/v2\/types\/page"}],"author":[{"embeddable":true,"href":"https:\/\/rodnamaslinada.com\/hr\/wp-json\/wp\/v2\/users\/1"}],"replies":[{"embeddable":true,"href":"https:\/\/rodnamaslinada.com\/hr\/wp-json\/wp\/v2\/comments?post=267"}],"version-history":[{"count":5,"href":"https:\/\/rodnamaslinada.com\/hr\/wp-json\/wp\/v2\/pages\/267\/revisions"}],"predecessor-version":[{"id":1256,"href":"https:\/\/rodnamaslinada.com\/hr\/wp-json\/wp\/v2\/pages\/267\/revisions\/1256"}],"wp:attachment":[{"href":"https:\/\/rodnamaslinada.com\/hr\/wp-json\/wp\/v2\/media?parent=267"}],"curies":[{"name":"wp","href":"https:\/\/api.w.org\/{rel}","templated":true}]}}