{"id":1372,"date":"2024-05-15T16:50:43","date_gmt":"2024-05-15T14:50:43","guid":{"rendered":"https:\/\/rodnamaslinada.com\/?page_id=1372"},"modified":"2024-05-15T17:30:05","modified_gmt":"2024-05-15T15:30:05","slug":"radanje-inovacije","status":"publish","type":"page","link":"https:\/\/rodnamaslinada.com\/hr\/radanje-inovacije\/","title":{"rendered":"Ra\u0111anje inovacije"},"content":{"rendered":"\t\t<div data-elementor-type=\"wp-page\" data-elementor-id=\"1372\" class=\"elementor elementor-1372\">\n\t\t\t\t\t\t<header class=\"elementor-section elementor-top-section elementor-element elementor-element-17d257c2 elementor-section-full_width elementor-section-height-min-height elementor-section-content-middle elementor-section-height-default elementor-section-items-middle\" data-id=\"17d257c2\" data-element_type=\"section\" data-e-type=\"section\">\n\t\t\t\t\t\t<div class=\"elementor-container elementor-column-gap-no\">\n\t\t\t\t\t<div class=\"elementor-column elementor-col-100 elementor-top-column elementor-element elementor-element-15bd02b6\" data-id=\"15bd02b6\" data-element_type=\"column\" data-e-type=\"column\">\n\t\t\t<div class=\"elementor-widget-wrap elementor-element-populated\">\n\t\t\t\t\t\t<div class=\"elementor-element elementor-element-4e5c82eb elementor-widget elementor-widget-image\" data-id=\"4e5c82eb\" data-element_type=\"widget\" data-e-type=\"widget\" data-widget_type=\"image.default\">\n\t\t\t\t<div class=\"elementor-widget-container\">\n\t\t\t\t\t\t\t\t\t\t\t\t\t\t\t<img fetchpriority=\"high\" decoding=\"async\" width=\"680\" height=\"260\" src=\"https:\/\/i0.wp.com\/rodnamaslinada.com\/wp-content\/uploads\/2024\/05\/Logo-Dani-otvorenih-vrata.png?fit=680%2C260&amp;ssl=1\" class=\"attachment-full size-full wp-image-1376\" alt=\"\" srcset=\"https:\/\/i0.wp.com\/rodnamaslinada.com\/wp-content\/uploads\/2024\/05\/Logo-Dani-otvorenih-vrata.png?w=680&amp;ssl=1 680w, https:\/\/i0.wp.com\/rodnamaslinada.com\/wp-content\/uploads\/2024\/05\/Logo-Dani-otvorenih-vrata.png?resize=300%2C115&amp;ssl=1 300w, https:\/\/i0.wp.com\/rodnamaslinada.com\/wp-content\/uploads\/2024\/05\/Logo-Dani-otvorenih-vrata.png?resize=18%2C7&amp;ssl=1 18w, https:\/\/i0.wp.com\/rodnamaslinada.com\/wp-content\/uploads\/2024\/05\/Logo-Dani-otvorenih-vrata.png?resize=600%2C229&amp;ssl=1 600w\" sizes=\"(max-width: 680px) 100vw, 680px\" loading=\"eager\" \/>\t\t\t\t\t\t\t\t\t\t\t\t\t\t\t<\/div>\n\t\t\t\t<\/div>\n\t\t\t\t\t<\/div>\n\t\t<\/div>\n\t\t\t\t\t<\/div>\n\t\t<\/header>\n\t\t\t\t<section class=\"elementor-section elementor-top-section elementor-element elementor-element-fa6ba00 elementor-section-boxed elementor-section-height-default elementor-section-height-default\" data-id=\"fa6ba00\" data-element_type=\"section\" data-e-type=\"section\">\n\t\t\t\t\t\t<div class=\"elementor-container elementor-column-gap-default\">\n\t\t\t\t\t<div class=\"elementor-column elementor-col-100 elementor-top-column elementor-element elementor-element-8b39e49\" data-id=\"8b39e49\" data-element_type=\"column\" data-e-type=\"column\">\n\t\t\t<div class=\"elementor-widget-wrap elementor-element-populated\">\n\t\t\t\t\t\t<div class=\"elementor-element elementor-element-4f0a669 elementor-widget elementor-widget-heading\" data-id=\"4f0a669\" data-element_type=\"widget\" data-e-type=\"widget\" data-widget_type=\"heading.default\">\n\t\t\t\t<div class=\"elementor-widget-container\">\n\t\t\t\t\t<h1 class=\"elementor-heading-title elementor-size-default\">Ra\u0111anje inovacije -  \nRje\u0161enja i fondovi EU za hrvatsko maslinarstvo, uljarstvo, inovacije i\/ili poduzetni\u0161tvo<\/h1>\t\t\t\t<\/div>\n\t\t\t\t<\/div>\n\t\t\t\t\t<\/div>\n\t\t<\/div>\n\t\t\t\t\t<\/div>\n\t\t<\/section>\n\t\t\t\t<section class=\"elementor-section elementor-top-section elementor-element elementor-element-8e51b50 elementor-section-boxed elementor-section-height-default elementor-section-height-default\" data-id=\"8e51b50\" data-element_type=\"section\" data-e-type=\"section\">\n\t\t\t\t\t\t<div class=\"elementor-container elementor-column-gap-default\">\n\t\t\t\t\t<div class=\"elementor-column elementor-col-100 elementor-top-column elementor-element elementor-element-4702320\" data-id=\"4702320\" data-element_type=\"column\" data-e-type=\"column\">\n\t\t\t<div class=\"elementor-widget-wrap elementor-element-populated\">\n\t\t\t\t\t\t<div class=\"elementor-element elementor-element-2a45839 elementor-widget elementor-widget-text-editor\" data-id=\"2a45839\" data-element_type=\"widget\" data-e-type=\"widget\" data-widget_type=\"text-editor.default\">\n\t\t\t\t<div class=\"elementor-widget-container\">\n\t\t\t\t\t\t\t\t\t<p>Volite masline, vrhunsko maslinovo ulje i plodove masline? Volite izazove i prepoznajete prilike, poslovne i poduzetni\u010dke, u fokusu na kvalitetu, inovacije, razvoj i \u0161irenje poslovanja? Vjerujete da se od maslinarstva i uljarstva, te od poljoprivrede i prehrambene proizvodnje, odnosno od inovativnog, mudrog i zelenog poduzetni\u0161tva u Hrvatskoj mo\u017ee i treba \u017eivjeti? Imate svoje snove, ideje i planove vezano za masline, maslinovo ulje i plodove masline, kao i proizvode od njih ili imate \u017eelju pokrenuti ne\u0161to hrabro, druga\u010dije, inovativno?<\/p><p>Pogledajte snimku online konferenciju u kojoj smo prikazali cijeli proces realizacije projekta od prve iskre inspiracije i ideje, preko pripreme projekta, uklju\u010divo i mogu\u0107ih inovacija i patenata, prijave i osiguravanja bespovratnih izvora financiranja iz EU fondova, do provedbe i realizacije va\u0161ih projekata.<\/p><p>Pri tom smo se dotakli primjera nastanka na\u0161e ideje te vam omogu\u0107ili uvid u:<\/p><ul><li>Tijekove procesa istra\u017eivanja, propitivanja i realizacije ideja uklju\u010divo i kroz serije promi\u0161ljanja, poku\u0161aja i proma\u0161aja, preko prou\u010davanja uobi\u010dajenih praksi (primjerice, branja, sakupljanja, skladi\u0161tenja, prijevoza i obrade maslina) s ciljem pronala\u017eenja na\u010dina dobivanja maslinovog ulja vrhunske kvalitete, ali i stvaranja \u201epri\u010de\u201c i brenda proizvoda najvi\u0161e ekonomske, ali i dru\u0161tvene i ekolo\u0161ke dodatne vrijednosti.<\/li><li>Nau\u010dite kako razviti svoj plan, koncept projekta, provesti istra\u017eivanje tr\u017ei\u0161ta i razviti plan za realizaciju va\u0161eg projekta.<\/li><li>Nau\u010dite kako pristupiti EU fondovima i iskoristiti ih za razvoj vlastite ideje, projekta, unapre\u0111enje svog poslovanja kao maslinar, uljar, inovator, poljoprivrednik, turisti\u010dki djelatnik ili mali poduzetnik u povezanim sektorima. Na\u0161 stru\u010dnjak s 20 godina iskustva u EU fondovima pru\u017ea vam prakti\u010dne savjete kako se upustiti u svijet EU fondova bez straha i prevelikih rizika, prepoznaju\u0107i sve prilike, ali i izazove na putovanju do realizacije va\u0161ih ideja i razvojnih planova.<\/li><\/ul>\t\t\t\t\t\t\t\t<\/div>\n\t\t\t\t<\/div>\n\t\t\t\t\t<\/div>\n\t\t<\/div>\n\t\t\t\t\t<\/div>\n\t\t<\/section>\n\t\t\t\t<section class=\"elementor-section elementor-top-section elementor-element elementor-element-7b4cc208 elementor-section-content-middle elementor-section-full_width elementor-section-height-default elementor-section-height-default\" data-id=\"7b4cc208\" data-element_type=\"section\" data-e-type=\"section\" data-settings=\"{&quot;background_background&quot;:&quot;classic&quot;}\">\n\t\t\t\t\t\t<div class=\"elementor-container elementor-column-gap-no\">\n\t\t\t\t\t<div class=\"elementor-column elementor-col-50 elementor-top-column elementor-element elementor-element-2cef7e31\" data-id=\"2cef7e31\" data-element_type=\"column\" data-e-type=\"column\">\n\t\t\t<div class=\"elementor-widget-wrap elementor-element-populated\">\n\t\t\t\t\t\t<div class=\"elementor-element elementor-element-5fd07a59 elementor-widget elementor-widget-heading\" data-id=\"5fd07a59\" data-element_type=\"widget\" data-e-type=\"widget\" data-widget_type=\"heading.default\">\n\t\t\t\t<div class=\"elementor-widget-container\">\n\t\t\t\t\t<h6 class=\"elementor-heading-title elementor-size-default\">Virtualna konferencija<\/h6>\t\t\t\t<\/div>\n\t\t\t\t<\/div>\n\t\t\t\t<div class=\"elementor-element elementor-element-48f130bc elementor-widget__width-inherit elementor-widget elementor-widget-text-editor\" data-id=\"48f130bc\" data-element_type=\"widget\" data-e-type=\"widget\" data-widget_type=\"text-editor.default\">\n\t\t\t\t<div class=\"elementor-widget-container\">\n\t\t\t\t\t\t\t\t\t<p>Pogledajte snimku video konferencije odr\u017eane 30. lipnja 2023. i otkrijte tajne uspje\u0161nih projektnih nastojanja kroz neprocjenjive uvide od stru\u010dnjaka, poduzetnika i izumitelja koji su i sami pro\u0161li to putovanje.<\/p>\t\t\t\t\t\t\t\t<\/div>\n\t\t\t\t<\/div>\n\t\t\t\t\t<\/div>\n\t\t<\/div>\n\t\t\t\t<div class=\"elementor-column elementor-col-50 elementor-top-column elementor-element elementor-element-912f887\" data-id=\"912f887\" data-element_type=\"column\" data-e-type=\"column\">\n\t\t\t<div class=\"elementor-widget-wrap elementor-element-populated\">\n\t\t\t\t\t\t<div class=\"elementor-element elementor-element-3951eca elementor-widget elementor-widget-video\" data-id=\"3951eca\" data-element_type=\"widget\" data-e-type=\"widget\" data-settings=\"{&quot;youtube_url&quot;:&quot;https:\\\/\\\/www.youtube.com\\\/watch?v=5WryPqfRbcE&amp;t=1s &quot;,&quot;video_type&quot;:&quot;youtube&quot;,&quot;controls&quot;:&quot;yes&quot;}\" data-widget_type=\"video.default\">\n\t\t\t\t<div class=\"elementor-widget-container\">\n\t\t\t\t\t\t\t<div class=\"elementor-wrapper elementor-open-inline\">\n\t\t\t<div class=\"elementor-video\"><\/div>\t\t<\/div>\n\t\t\t\t\t\t<\/div>\n\t\t\t\t<\/div>\n\t\t\t\t\t<\/div>\n\t\t<\/div>\n\t\t\t\t\t<\/div>\n\t\t<\/section>\n\t\t\t\t<section class=\"elementor-section elementor-top-section elementor-element elementor-element-6e60b789 elementor-section-content-middle elementor-section-full_width elementor-section-height-default elementor-section-height-default\" data-id=\"6e60b789\" data-element_type=\"section\" data-e-type=\"section\" data-settings=\"{&quot;background_background&quot;:&quot;classic&quot;}\">\n\t\t\t\t\t\t<div class=\"elementor-container elementor-column-gap-no\">\n\t\t\t\t\t<div class=\"elementor-column elementor-col-50 elementor-top-column elementor-element elementor-element-1cd0f3b8\" data-id=\"1cd0f3b8\" data-element_type=\"column\" data-e-type=\"column\">\n\t\t\t<div class=\"elementor-widget-wrap elementor-element-populated\">\n\t\t\t\t\t\t<div class=\"elementor-element elementor-element-78b77793 elementor-widget elementor-widget-heading\" data-id=\"78b77793\" data-element_type=\"widget\" data-e-type=\"widget\" data-widget_type=\"heading.default\">\n\t\t\t\t<div class=\"elementor-widget-container\">\n\t\t\t\t\t<h2 class=\"elementor-heading-title elementor-size-default\">Zahvaljujemo se na sudjelovanju:<\/h2>\t\t\t\t<\/div>\n\t\t\t\t<\/div>\n\t\t\t\t<div class=\"elementor-element elementor-element-4b70c16 elementor-widget elementor-widget-text-editor\" data-id=\"4b70c16\" data-element_type=\"widget\" data-e-type=\"widget\" data-widget_type=\"text-editor.default\">\n\t\t\t\t<div class=\"elementor-widget-container\">\n\t\t\t\t\t\t\t\t\t<p>gosp. Ranku Mili\u0107u, mag E.E., Eupolis grupa, <a href=\"https:\/\/eupolisgrupa.hr\/\">https:\/\/eupolisgrupa.hr\/<\/a><\/p><p>gosp. Bo\u017ei Skoki, prof. dr.sc., Millenium promocija, <a href=\"https:\/\/www.mpr.hr\/\">https:\/\/www.mpr.hr\/<\/a><\/p><p>gosp. Mariji Vidak<\/p><p>gosp. Luki Ka\u0161telan\u010di\u0107u.<\/p>\t\t\t\t\t\t\t\t<\/div>\n\t\t\t\t<\/div>\n\t\t\t\t\t<\/div>\n\t\t<\/div>\n\t\t\t\t<div class=\"elementor-column elementor-col-50 elementor-top-column elementor-element elementor-element-2f993be4\" data-id=\"2f993be4\" data-element_type=\"column\" data-e-type=\"column\">\n\t\t\t<div class=\"elementor-widget-wrap elementor-element-populated\">\n\t\t\t\t\t\t<div class=\"elementor-element elementor-element-4c85e3e elementor-widget elementor-widget-text-editor\" data-id=\"4c85e3e\" data-element_type=\"widget\" data-e-type=\"widget\" data-widget_type=\"text-editor.default\">\n\t\t\t\t<div class=\"elementor-widget-container\">\n\t\t\t\t\t\t\t\t\t<p>Snimku predavanja o vrijednosti kapara u masliniku u okviru radionice &#8220;Maslinarstvo u su\u017eivotu s prirodom&#8221; koju je organizirao Projekt COAST UNDP-a u Splitu, 22. studenoga 2012., pogledajte <a href=\"https:\/\/www.youtube.com\/watch?v=iNErasfvxoQ\">ovdje.<\/a><\/p>\t\t\t\t\t\t\t\t<\/div>\n\t\t\t\t<\/div>\n\t\t\t\t\t<\/div>\n\t\t<\/div>\n\t\t\t\t\t<\/div>\n\t\t<\/section>\n\t\t\t\t<\/div>\n\t\t","protected":false},"excerpt":{"rendered":"<p>Ra\u0111anje inovacije &#8211; Rje\u0161enja i fondovi EU za hrvatsko maslinarstvo, uljarstvo, inovacije i\/ili poduzetni\u0161tvo Volite masline, vrhunsko maslinovo ulje i plodove masline? Volite izazove i prepoznajete prilike, poslovne i poduzetni\u010dke, u fokusu na kvalitetu, inovacije, razvoj i \u0161irenje poslovanja? Vjerujete da se od maslinarstva i uljarstva, te od poljoprivrede i prehrambene proizvodnje, odnosno od inovativnog, [&hellip;]<\/p>\n","protected":false},"author":1,"featured_media":0,"parent":0,"menu_order":0,"comment_status":"closed","ping_status":"closed","template":"","meta":{"nf_dc_page":"","om_disable_all_campaigns":false,"_monsterinsights_skip_tracking":false,"_monsterinsights_sitenote_active":false,"_monsterinsights_sitenote_note":"","_monsterinsights_sitenote_category":0,"_uf_show_specific_survey":0,"_uf_disable_surveys":false,"site-sidebar-layout":"no-sidebar","site-content-layout":"page-builder","ast-site-content-layout":"full-width-container","site-content-style":"default","site-sidebar-style":"default","ast-global-header-display":"","ast-banner-title-visibility":"","ast-main-header-display":"","ast-hfb-above-header-display":"","ast-hfb-below-header-display":"","ast-hfb-mobile-header-display":"","site-post-title":"disabled","ast-breadcrumbs-content":"","ast-featured-img":"disabled","footer-sml-layout":"","ast-disable-related-posts":"","theme-transparent-header-meta":"","adv-header-id-meta":"","stick-header-meta":"","header-above-stick-meta":"","header-main-stick-meta":"","header-below-stick-meta":"","astra-migrate-meta-layouts":"set","ast-page-background-enabled":"default","ast-page-background-meta":{"desktop":{"background-color":"","background-image":"","background-repeat":"repeat","background-position":"center center","background-size":"auto","background-attachment":"scroll","background-type":"","background-media":"","overlay-type":"","overlay-color":"","overlay-opacity":"","overlay-gradient":""},"tablet":{"background-color":"","background-image":"","background-repeat":"repeat","background-position":"center center","background-size":"auto","background-attachment":"scroll","background-type":"","background-media":"","overlay-type":"","overlay-color":"","overlay-opacity":"","overlay-gradient":""},"mobile":{"background-color":"","background-image":"","background-repeat":"repeat","background-position":"center center","background-size":"auto","background-attachment":"scroll","background-type":"","background-media":"","overlay-type":"","overlay-color":"","overlay-opacity":"","overlay-gradient":""}},"ast-content-background-meta":{"desktop":{"background-color":"var(--ast-global-color-5)","background-image":"","background-repeat":"repeat","background-position":"center center","background-size":"auto","background-attachment":"scroll","background-type":"","background-media":"","overlay-type":"","overlay-color":"","overlay-opacity":"","overlay-gradient":""},"tablet":{"background-color":"var(--ast-global-color-5)","background-image":"","background-repeat":"repeat","background-position":"center center","background-size":"auto","background-attachment":"scroll","background-type":"","background-media":"","overlay-type":"","overlay-color":"","overlay-opacity":"","overlay-gradient":""},"mobile":{"background-color":"var(--ast-global-color-5)","background-image":"","background-repeat":"repeat","background-position":"center center","background-size":"auto","background-attachment":"scroll","background-type":"","background-media":"","overlay-type":"","overlay-color":"","overlay-opacity":"","overlay-gradient":""}},"footnotes":""},"class_list":["post-1372","page","type-page","status-publish","hentry"],"aioseo_notices":[],"jetpack_sharing_enabled":true,"_links":{"self":[{"href":"https:\/\/rodnamaslinada.com\/hr\/wp-json\/wp\/v2\/pages\/1372","targetHints":{"allow":["GET"]}}],"collection":[{"href":"https:\/\/rodnamaslinada.com\/hr\/wp-json\/wp\/v2\/pages"}],"about":[{"href":"https:\/\/rodnamaslinada.com\/hr\/wp-json\/wp\/v2\/types\/page"}],"author":[{"embeddable":true,"href":"https:\/\/rodnamaslinada.com\/hr\/wp-json\/wp\/v2\/users\/1"}],"replies":[{"embeddable":true,"href":"https:\/\/rodnamaslinada.com\/hr\/wp-json\/wp\/v2\/comments?post=1372"}],"version-history":[{"count":5,"href":"https:\/\/rodnamaslinada.com\/hr\/wp-json\/wp\/v2\/pages\/1372\/revisions"}],"predecessor-version":[{"id":1394,"href":"https:\/\/rodnamaslinada.com\/hr\/wp-json\/wp\/v2\/pages\/1372\/revisions\/1394"}],"wp:attachment":[{"href":"https:\/\/rodnamaslinada.com\/hr\/wp-json\/wp\/v2\/media?parent=1372"}],"curies":[{"name":"wp","href":"https:\/\/api.w.org\/{rel}","templated":true}]}}